{"id":1109,"date":"2024-08-09T09:08:19","date_gmt":"2024-08-09T07:08:19","guid":{"rendered":"https:\/\/restaurantbindingsvaerket.dk\/?page_id=1109"},"modified":"2024-08-09T12:38:08","modified_gmt":"2024-08-09T10:38:08","slug":"front-page-new","status":"publish","type":"page","link":"https:\/\/restaurantbindingsvaerket.dk\/en\/","title":{"rendered":"Front page \u2013 Restaurant Bindingsv\u00e6rket"},"content":{"rendered":"<div class=\"wpb-content-wrapper\"><div data-parent=\"true\" class=\"vc_row row-container\" id=\"row-unique-0\"><div class=\"row unequal col-no-gutter no-top-padding no-bottom-padding no-h-padding full-width row-parent\" data-height-ratio=\"full\"><div class=\"wpb_row row-inner\"><div class=\"wpb_column pos-middle pos-center align_center column_parent col-lg-6 half-internal-gutter\"><div class=\"uncol style-spec style-dark\"  ><div class=\"uncoltable\"><div class=\"uncell quad-block-padding\" ><div class=\"column-background background-element\">\n\t\t\t\t\t\t\t\t\t\t\t<div class=\"background-wrapper\">\n\t\t\t\t\t\t\t\t\t\t\t\t<div class=\"background-inner\" style=\"background-image: url(https:\/\/restaurantbindingsvaerket.dk\/wp-content\/uploads\/2023\/10\/bg4.jpg);background-repeat: no-repeat;background-position: center center;background-size: cover;\" data-o_src=\"https:\/\/restaurantbindingsvaerket.dk\/wp-content\/uploads\/2023\/10\/bg4.jpg\"><\/div>\n\t\t\t\t\t\t\t\t\t\t\t\t<div class=\"block-bg-overlay style-color-jevc-bg\" style=\"opacity: 0.35;\"><\/div>\n\t\t\t\t\t\t\t\t\t\t\t<\/div>\n\t\t\t\t\t\t\t\t\t\t<\/div><div class=\"uncont\" ><div class=\"empty-space empty-single\" ><span class=\"empty-space-inner\"><\/span><\/div>\n<div class=\"empty-space empty-quart\" ><span class=\"empty-space-inner\"><\/span><\/div>\n<div class=\"vc_custom_heading_wrap\"><div class=\"heading-text el-text\" ><h3 class=\"h1\" ><span>Restaurant Bindingsv\u00e6rket<\/span><\/h3><\/div><div class=\"clear\"><\/div><\/div><div class=\"empty-space empty-half\" ><span class=\"empty-space-inner\"><\/span><\/div>\n<span class=\"btn-container\" ><a role=\"button\"  href=\"\/en\/front\/\" class=\"custom-link btn border-width-0 dark-text btn-color-167426 btn-flat btn-no-scale btn-icon-right\" title=\"Restaurant Bindingsv\u00e6rket Home\">Go to<i class=\"fa fa-arrow-right2\"><\/i><\/a><\/span><div class=\"empty-space empty-single\" ><span class=\"empty-space-inner\"><\/span><\/div>\n<\/div><\/div><\/div><\/div><a class=\"col-link custom-link\" href=\"\/en\/front\/\" target=\"_self\" title=\"Restaurant Bindingsv\u00e6rket Home\"><\/a><\/div><div class=\"wpb_column pos-middle pos-center align_center column_parent col-lg-6 half-internal-gutter\"><div class=\"uncol style-spec style-dark\"  ><div class=\"uncoltable\"><div class=\"uncell quad-block-padding\" ><div class=\"column-background background-element\">\n\t\t\t\t\t\t\t\t\t\t\t<div class=\"background-wrapper\">\n\t\t\t\t\t\t\t\t\t\t\t\t<div class=\"background-inner\" style=\"background-image: url(https:\/\/restaurantbindingsvaerket.dk\/wp-content\/uploads\/2024\/08\/ludvigsminde_drone_cp.jpg);background-repeat: no-repeat;background-position: center center;background-size: cover;\" data-o_src=\"https:\/\/restaurantbindingsvaerket.dk\/wp-content\/uploads\/2024\/08\/ludvigsminde_drone_cp.jpg\"><\/div>\n\t\t\t\t\t\t\t\t\t\t\t\t<div class=\"block-bg-overlay style-color-jevc-bg\" style=\"opacity: 0.35;\"><\/div>\n\t\t\t\t\t\t\t\t\t\t\t<\/div>\n\t\t\t\t\t\t\t\t\t\t<\/div><div class=\"uncont\" ><div class=\"empty-space empty-single\" ><span class=\"empty-space-inner\"><\/span><\/div>\n<div class=\"empty-space empty-quart\" ><span class=\"empty-space-inner\"><\/span><\/div>\n<div class=\"vc_custom_heading_wrap\"><div class=\"heading-text el-text\" ><h3 class=\"h1\" ><span>Ludvigminde<\/span><\/h3><\/div><div class=\"clear\"><\/div><\/div><div class=\"empty-space empty-half\" ><span class=\"empty-space-inner\"><\/span><\/div>\n<span class=\"btn-container\" ><a role=\"button\"  href=\"https:\/\/ludvigsminde.dk\/\" class=\"custom-link btn border-width-0 dark-text btn-color-167426 btn-flat btn-no-scale btn-icon-right\" title=\"Ludvigsminde Front page\">Go to<i class=\"fa fa-arrow-right2\"><\/i><\/a><\/span><div class=\"empty-space empty-single\" ><span class=\"empty-space-inner\"><\/span><\/div>\n<\/div><\/div><\/div><\/div><a class=\"col-link custom-link\" href=\"https:\/\/ludvigsminde.dk\/\" target=\"_self\" title=\"Ludvigsminde Front page\"><\/a><\/div><script id=\"script-row-unique-0\" data-row=\"script-row-unique-0\" type=\"text\/javascript\" class=\"vc_controls\">UNCODE.initRow(document.getElementById(\"row-unique-0\"));<\/script><\/div><\/div><\/div>\n<\/div>","protected":false},"excerpt":{"rendered":"Restaurant Bindingsv\u00e6rket Go to Ludvigsminde Go to","protected":false},"author":1,"featured_media":0,"parent":0,"menu_order":0,"comment_status":"closed","ping_status":"closed","template":"","meta":{"footnotes":""},"class_list":["post-1109","page","type-page","status-publish","hentry"],"yoast_head":"<!-- This site is optimized with the Yoast SEO plugin v27.2 - https:\/\/yoast.com\/product\/yoast-seo-wordpress\/ -->\n<title>Restaurant Bindingsv\u00e6rket | Oplev gastronomi i Drammelstrup, Djursland<\/title>\n<meta name=\"description\" content=\"Vores restaurant ligger i Drammelstrup p\u00e5 Djursland. Menukort er varieret og f\u00f8lger s\u00e6sonerne. Vi gl\u00e6der os til at byde jer velkommen.\" \/>\n<meta name=\"robots\" content=\"index, follow, max-snippet:-1, max-image-preview:large, max-video-preview:-1\" \/>\n<link rel=\"canonical\" href=\"https:\/\/restaurantbindingsvaerket.dk\/en\/\" \/>\n<meta property=\"og:locale\" content=\"en_GB\" \/>\n<meta property=\"og:type\" content=\"article\" \/>\n<meta property=\"og:title\" content=\"Restaurant Bindingsv\u00e6rket | Oplev gastronomi i Drammelstrup, Djursland\" \/>\n<meta property=\"og:description\" content=\"Vores restaurant ligger i Drammelstrup p\u00e5 Djursland. Menukort er varieret og f\u00f8lger s\u00e6sonerne. Vi gl\u00e6der os til at byde jer velkommen.\" \/>\n<meta property=\"og:url\" content=\"https:\/\/restaurantbindingsvaerket.dk\/en\/\" \/>\n<meta property=\"og:site_name\" content=\"Restaurant Bindingsv\u00e6rket\" \/>\n<meta property=\"article:modified_time\" content=\"2024-08-09T10:38:08+00:00\" \/>\n<meta property=\"og:image\" content=\"https:\/\/restaurantbindingsvaerket.dk\/wp-content\/uploads\/2023\/11\/restaurant-bindingsvaerket-aften23.jpg\" \/>\n\t<meta property=\"og:image:width\" content=\"1920\" \/>\n\t<meta property=\"og:image:height\" content=\"1080\" \/>\n\t<meta property=\"og:image:type\" content=\"image\/jpeg\" \/>\n<meta name=\"twitter:card\" content=\"summary_large_image\" \/>\n<meta name=\"twitter:label1\" content=\"Estimated reading time\" \/>\n\t<meta name=\"twitter:data1\" content=\"1 minute\" \/>\n<script type=\"application\/ld+json\" class=\"yoast-schema-graph\">{\"@context\":\"https:\/\/schema.org\",\"@graph\":[{\"@type\":\"WebPage\",\"@id\":\"https:\/\/restaurantbindingsvaerket.dk\/\",\"url\":\"https:\/\/restaurantbindingsvaerket.dk\/\",\"name\":\"Restaurant Bindingsv\u00e6rket | Oplev gastronomi i Drammelstrup, Djursland\",\"isPartOf\":{\"@id\":\"https:\/\/restaurantbindingsvaerket.dk\/#website\"},\"datePublished\":\"2024-08-09T07:08:19+00:00\",\"dateModified\":\"2024-08-09T10:38:08+00:00\",\"description\":\"Vores restaurant ligger i Drammelstrup p\u00e5 Djursland. Menukort er varieret og f\u00f8lger s\u00e6sonerne. Vi gl\u00e6der os til at byde jer velkommen.\",\"breadcrumb\":{\"@id\":\"https:\/\/restaurantbindingsvaerket.dk\/#breadcrumb\"},\"inLanguage\":\"en-GB\",\"potentialAction\":[{\"@type\":\"ReadAction\",\"target\":[\"https:\/\/restaurantbindingsvaerket.dk\/\"]}]},{\"@type\":\"BreadcrumbList\",\"@id\":\"https:\/\/restaurantbindingsvaerket.dk\/#breadcrumb\",\"itemListElement\":[{\"@type\":\"ListItem\",\"position\":1,\"name\":\"Hjem\",\"item\":\"https:\/\/restaurantbindingsvaerket.dk\/\"},{\"@type\":\"ListItem\",\"position\":2,\"name\":\"Forside &#8211; Restaurant Bindingsv\u00e6rket\"}]},{\"@type\":\"WebSite\",\"@id\":\"https:\/\/restaurantbindingsvaerket.dk\/#website\",\"url\":\"https:\/\/restaurantbindingsvaerket.dk\/\",\"name\":\"Restaurant Bindingsv\u00e6rket\",\"description\":\"Oplev gastronomi i Drammelstrup\",\"publisher\":{\"@id\":\"https:\/\/restaurantbindingsvaerket.dk\/#organization\"},\"potentialAction\":[{\"@type\":\"SearchAction\",\"target\":{\"@type\":\"EntryPoint\",\"urlTemplate\":\"https:\/\/restaurantbindingsvaerket.dk\/?s={search_term_string}\"},\"query-input\":{\"@type\":\"PropertyValueSpecification\",\"valueRequired\":true,\"valueName\":\"search_term_string\"}}],\"inLanguage\":\"en-GB\"},{\"@type\":\"Organization\",\"@id\":\"https:\/\/restaurantbindingsvaerket.dk\/#organization\",\"name\":\"Restaurant Bindingsv\u00e6rket\",\"alternateName\":\"Oplev gastronomi i Drammelstrup\",\"url\":\"https:\/\/restaurantbindingsvaerket.dk\/\",\"logo\":{\"@type\":\"ImageObject\",\"inLanguage\":\"en-GB\",\"@id\":\"https:\/\/restaurantbindingsvaerket.dk\/#\/schema\/logo\/image\/\",\"url\":\"https:\/\/restaurantbindingsvaerket.dk\/wp-content\/uploads\/2023\/11\/fav.png\",\"contentUrl\":\"https:\/\/restaurantbindingsvaerket.dk\/wp-content\/uploads\/2023\/11\/fav.png\",\"width\":214,\"height\":214,\"caption\":\"Restaurant Bindingsv\u00e6rket\"},\"image\":{\"@id\":\"https:\/\/restaurantbindingsvaerket.dk\/#\/schema\/logo\/image\/\"},\"sameAs\":[\"https:\/\/www.instagram.com\/restaurant_bindingsvaerket\/\"]}]}<\/script>\n<!-- \/ Yoast SEO plugin. -->","yoast_head_json":{"title":"Restaurant Bindingsv\u00e6rket | Experience gastronomy in Drammelstrup, Djursland","description":"Our restaurant is located in Drammelstrup on Djursland. The menu is varied and follows the seasons. We look forward to welcoming you.","robots":{"index":"index","follow":"follow","max-snippet":"max-snippet:-1","max-image-preview":"max-image-preview:large","max-video-preview":"max-video-preview:-1"},"canonical":"https:\/\/restaurantbindingsvaerket.dk\/en\/","og_locale":"en_GB","og_type":"article","og_title":"Restaurant Bindingsv\u00e6rket | Oplev gastronomi i Drammelstrup, Djursland","og_description":"Vores restaurant ligger i Drammelstrup p\u00e5 Djursland. Menukort er varieret og f\u00f8lger s\u00e6sonerne. Vi gl\u00e6der os til at byde jer velkommen.","og_url":"https:\/\/restaurantbindingsvaerket.dk\/en\/","og_site_name":"Restaurant Bindingsv\u00e6rket","article_modified_time":"2024-08-09T10:38:08+00:00","og_image":[{"width":1920,"height":1080,"url":"https:\/\/restaurantbindingsvaerket.dk\/wp-content\/uploads\/2023\/11\/restaurant-bindingsvaerket-aften23.jpg","type":"image\/jpeg"}],"twitter_card":"summary_large_image","twitter_misc":{"Estimated reading time":"1 minute"},"schema":{"@context":"https:\/\/schema.org","@graph":[{"@type":"WebPage","@id":"https:\/\/restaurantbindingsvaerket.dk\/","url":"https:\/\/restaurantbindingsvaerket.dk\/","name":"Restaurant Bindingsv\u00e6rket | Experience gastronomy in Drammelstrup, Djursland","isPartOf":{"@id":"https:\/\/restaurantbindingsvaerket.dk\/#website"},"datePublished":"2024-08-09T07:08:19+00:00","dateModified":"2024-08-09T10:38:08+00:00","description":"Our restaurant is located in Drammelstrup on Djursland. The menu is varied and follows the seasons. We look forward to welcoming you.","breadcrumb":{"@id":"https:\/\/restaurantbindingsvaerket.dk\/#breadcrumb"},"inLanguage":"en-GB","potentialAction":[{"@type":"ReadAction","target":["https:\/\/restaurantbindingsvaerket.dk\/"]}]},{"@type":"BreadcrumbList","@id":"https:\/\/restaurantbindingsvaerket.dk\/#breadcrumb","itemListElement":[{"@type":"ListItem","position":1,"name":"Hjem","item":"https:\/\/restaurantbindingsvaerket.dk\/"},{"@type":"ListItem","position":2,"name":"Forside &#8211; Restaurant Bindingsv\u00e6rket"}]},{"@type":"WebSite","@id":"https:\/\/restaurantbindingsvaerket.dk\/#website","url":"https:\/\/restaurantbindingsvaerket.dk\/","name":"Restaurant Bindingsv\u00e6rket","description":"Experience gastronomy in Drammelstrup","publisher":{"@id":"https:\/\/restaurantbindingsvaerket.dk\/#organization"},"potentialAction":[{"@type":"SearchAction","target":{"@type":"EntryPoint","urlTemplate":"https:\/\/restaurantbindingsvaerket.dk\/?s={search_term_string}"},"query-input":{"@type":"PropertyValueSpecification","valueRequired":true,"valueName":"search_term_string"}}],"inLanguage":"en-GB"},{"@type":"Organization","@id":"https:\/\/restaurantbindingsvaerket.dk\/#organization","name":"Restaurant Bindingsv\u00e6rket","alternateName":"Oplev gastronomi i Drammelstrup","url":"https:\/\/restaurantbindingsvaerket.dk\/","logo":{"@type":"ImageObject","inLanguage":"en-GB","@id":"https:\/\/restaurantbindingsvaerket.dk\/#\/schema\/logo\/image\/","url":"https:\/\/restaurantbindingsvaerket.dk\/wp-content\/uploads\/2023\/11\/fav.png","contentUrl":"https:\/\/restaurantbindingsvaerket.dk\/wp-content\/uploads\/2023\/11\/fav.png","width":214,"height":214,"caption":"Restaurant Bindingsv\u00e6rket"},"image":{"@id":"https:\/\/restaurantbindingsvaerket.dk\/#\/schema\/logo\/image\/"},"sameAs":["https:\/\/www.instagram.com\/restaurant_bindingsvaerket\/"]}]}},"_links":{"self":[{"href":"https:\/\/restaurantbindingsvaerket.dk\/en\/wp-json\/wp\/v2\/pages\/1109","targetHints":{"allow":["GET"]}}],"collection":[{"href":"https:\/\/restaurantbindingsvaerket.dk\/en\/wp-json\/wp\/v2\/pages"}],"about":[{"href":"https:\/\/restaurantbindingsvaerket.dk\/en\/wp-json\/wp\/v2\/types\/page"}],"author":[{"embeddable":true,"href":"https:\/\/restaurantbindingsvaerket.dk\/en\/wp-json\/wp\/v2\/users\/1"}],"replies":[{"embeddable":true,"href":"https:\/\/restaurantbindingsvaerket.dk\/en\/wp-json\/wp\/v2\/comments?post=1109"}],"version-history":[{"count":5,"href":"https:\/\/restaurantbindingsvaerket.dk\/en\/wp-json\/wp\/v2\/pages\/1109\/revisions"}],"predecessor-version":[{"id":1114,"href":"https:\/\/restaurantbindingsvaerket.dk\/en\/wp-json\/wp\/v2\/pages\/1109\/revisions\/1114"}],"wp:attachment":[{"href":"https:\/\/restaurantbindingsvaerket.dk\/en\/wp-json\/wp\/v2\/media?parent=1109"}],"curies":[{"name":"wp","href":"https:\/\/api.w.org\/{rel}","templated":true}]}}