{"id":571,"date":"2023-11-06T10:54:15","date_gmt":"2023-11-06T09:54:15","guid":{"rendered":"https:\/\/restaurantbindingsvaerket.sky144.dk\/?page_id=571"},"modified":"2025-07-21T09:59:40","modified_gmt":"2025-07-21T07:59:40","slug":"wine","status":"publish","type":"page","link":"https:\/\/restaurantbindingsvaerket.dk\/en\/vin\/","title":{"rendered":"Wine"},"content":{"rendered":"<div class=\"wpb-content-wrapper\"><div data-parent=\"true\" class=\"vc_row row-container\" id=\"row-unique-0\"><div class=\"row triple-top-padding double-bottom-padding single-h-padding limit-width row-parent\"><div class=\"wpb_row row-inner\"><div class=\"wpb_column pos-top pos-center align_left column_parent col-lg-2 single-internal-gutter\"><div class=\"uncol style-light\"  ><div class=\"uncoltable\"><div class=\"uncell no-block-padding\" ><div class=\"uncont\" ><\/div><\/div><\/div><\/div><\/div><div class=\"wpb_column pos-top pos-center align_center column_parent col-lg-8 half-internal-gutter\"><div class=\"uncol style-light animate_when_almost_visible alpha-anim\"  ><div class=\"uncoltable\"><div class=\"uncell no-block-padding\" ><div class=\"uncont\" ><div class=\"vc_custom_heading_wrap\"><div class=\"heading-text el-text\" ><h2 class=\"h2\" ><span>Look forward to unique wine experiences in a homely atmosphere. Please contact us if you have any special requests for wine.<\/span><\/h2><\/div><div class=\"clear\"><\/div><\/div><div class=\"vc_row row-internal row-container desktop-hidden tablet-hidden mobile-hidden\"><div class=\"row row-child\"><div class=\"wpb_row row-inner\"><div class=\"wpb_column pos-top pos-center align_left column_child col-lg-12 single-internal-gutter\"><div class=\"uncol style-light\" ><div class=\"uncoltable\"><div class=\"uncell no-block-padding\" ><div class=\"uncont\" ><div class=\"vc_custom_heading_wrap\"><div class=\"heading-text el-text\" ><h2 class=\"h2\" ><span>Explore our wine list<\/span><\/h2><\/div><div class=\"clear\"><\/div><\/div><div class=\"uncode_text_column\" ><p>Look forward to unique wine experiences in a homely atmosphere. Please contact us if you have any special requests for wine.<\/p>\n<\/div><span class=\"btn-container\" ><a role=\"button\"  href=\"https:\/\/restaurantbindingsvaerket.dk\/wp-content\/uploads\/2024\/02\/Vinkort-opdateret-27-02-24.pdf\" class=\"custom-link btn border-width-0 btn-default btn-outline btn-no-scale btn-icon-left\" title=\"Wine list - Restaurant Bindingsv\u00e6rket\" target=\"_blank\">See our wine list<\/a><\/span><\/div><\/div><\/div><\/div><\/div><\/div><\/div><\/div><\/div><\/div><\/div><\/div><\/div><div class=\"wpb_column pos-top pos-center align_left column_parent col-lg-2 single-internal-gutter\"><div class=\"uncol style-light\"  ><div class=\"uncoltable\"><div class=\"uncell no-block-padding\" ><div class=\"uncont\" ><\/div><\/div><\/div><\/div><\/div><script id=\"script-row-unique-0\" data-row=\"script-row-unique-0\" type=\"text\/javascript\" class=\"vc_controls\">UNCODE.initRow(document.getElementById(\"row-unique-0\"));<\/script><\/div><\/div><\/div><div data-parent=\"true\" class=\"vc_row row-container\" id=\"row-unique-1\"><div class=\"row limit-width row-parent\"><div class=\"wpb_row row-inner\"><div class=\"wpb_column pos-top pos-center align_left column_parent col-lg-12 single-internal-gutter\"><div class=\"uncol style-light\"  ><div class=\"uncoltable\"><div class=\"uncell no-block-padding\" ><div class=\"uncont\" ><div class=\"uncode-single-media  text-left\"><div class=\"single-wrapper\" style=\"max-width: 100%;\"><div class=\"tmb tmb-light  img-round img-round-lg tmb-media-first tmb-media-last tmb-content-overlay tmb-no-bg\"><div class=\"t-inside\"><div class=\"t-entry-visual\"><div class=\"t-entry-visual-tc\"><div class=\"uncode-single-media-wrapper img-round img-round-lg\"><img decoding=\"async\" class=\"wp-image-702\" src=\"https:\/\/restaurantbindingsvaerket.dk\/wp-content\/uploads\/2023\/11\/vin-de-la-solitude.jpg\" width=\"2000\" height=\"1566\" alt=\"\" srcset=\"https:\/\/restaurantbindingsvaerket.dk\/wp-content\/uploads\/2023\/11\/vin-de-la-solitude.jpg 2000w, https:\/\/restaurantbindingsvaerket.dk\/wp-content\/uploads\/2023\/11\/vin-de-la-solitude-300x235.jpg 300w, https:\/\/restaurantbindingsvaerket.dk\/wp-content\/uploads\/2023\/11\/vin-de-la-solitude-1024x802.jpg 1024w, https:\/\/restaurantbindingsvaerket.dk\/wp-content\/uploads\/2023\/11\/vin-de-la-solitude-768x601.jpg 768w, https:\/\/restaurantbindingsvaerket.dk\/wp-content\/uploads\/2023\/11\/vin-de-la-solitude-1536x1203.jpg 1536w, https:\/\/restaurantbindingsvaerket.dk\/wp-content\/uploads\/2023\/11\/vin-de-la-solitude-15x12.jpg 15w, https:\/\/restaurantbindingsvaerket.dk\/wp-content\/uploads\/2023\/11\/vin-de-la-solitude-350x274.jpg 350w\" sizes=\"(max-width: 2000px) 100vw, 2000px\" \/><\/div>\n\t\t\t\t\t<\/div>\n\t\t\t\t<\/div><\/div><\/div><\/div><\/div><\/div><\/div><\/div><\/div><\/div><script id=\"script-row-unique-1\" data-row=\"script-row-unique-1\" type=\"text\/javascript\" class=\"vc_controls\">UNCODE.initRow(document.getElementById(\"row-unique-1\"));<\/script><\/div><\/div><\/div>\n<\/div>","protected":false},"excerpt":{"rendered":"<p>We believe in the beautiful interplay between food and wine and that the perfect match can be an exquisite experience in itself. <\/p>","protected":false},"author":1,"featured_media":572,"parent":0,"menu_order":0,"comment_status":"closed","ping_status":"closed","template":"","meta":{"footnotes":""},"class_list":["post-571","page","type-page","status-publish","has-post-thumbnail","hentry"],"yoast_head":"<!-- This site is optimized with the Yoast SEO plugin v27.5 - https:\/\/yoast.com\/product\/yoast-seo-wordpress\/ -->\n<title>Vin | Restaurant Bindingsv\u00e6rket<\/title>\n<meta name=\"description\" content=\"Vi tror p\u00e5 det smukke samspil mellem mad og vin og at det helt rigtige match, kan v\u00e6re en uds\u00f8gt oplevelse i sig selv.\" \/>\n<meta name=\"robots\" content=\"index, follow, max-snippet:-1, max-image-preview:large, max-video-preview:-1\" \/>\n<link rel=\"canonical\" href=\"https:\/\/restaurantbindingsvaerket.dk\/en\/wine\/\" \/>\n<meta property=\"og:locale\" content=\"en_GB\" \/>\n<meta property=\"og:type\" content=\"article\" \/>\n<meta property=\"og:title\" content=\"Vin | Restaurant Bindingsv\u00e6rket\" \/>\n<meta property=\"og:description\" content=\"Vi tror p\u00e5 det smukke samspil mellem mad og vin og at det helt rigtige match, kan v\u00e6re en uds\u00f8gt oplevelse i sig selv.\" \/>\n<meta property=\"og:url\" content=\"https:\/\/restaurantbindingsvaerket.dk\/en\/wine\/\" \/>\n<meta property=\"og:site_name\" content=\"Restaurant Bindingsv\u00e6rket\" \/>\n<meta property=\"article:modified_time\" content=\"2025-07-21T07:59:40+00:00\" \/>\n<meta property=\"og:image\" content=\"https:\/\/restaurantbindingsvaerket.dk\/wp-content\/uploads\/2023\/11\/AIMG_7898-scaled.jpg\" \/>\n\t<meta property=\"og:image:width\" content=\"1920\" \/>\n\t<meta property=\"og:image:height\" content=\"2560\" \/>\n\t<meta property=\"og:image:type\" content=\"image\/jpeg\" \/>\n<meta name=\"twitter:card\" content=\"summary_large_image\" \/>\n<meta name=\"twitter:label1\" content=\"Estimated reading time\" \/>\n\t<meta name=\"twitter:data1\" content=\"1 minute\" \/>\n<script type=\"application\/ld+json\" class=\"yoast-schema-graph\">{\"@context\":\"https:\\\/\\\/schema.org\",\"@graph\":[{\"@type\":\"WebPage\",\"@id\":\"https:\\\/\\\/restaurantbindingsvaerket.dk\\\/vin\\\/\",\"url\":\"https:\\\/\\\/restaurantbindingsvaerket.dk\\\/vin\\\/\",\"name\":\"Vin | Restaurant Bindingsv\u00e6rket\",\"isPartOf\":{\"@id\":\"https:\\\/\\\/restaurantbindingsvaerket.dk\\\/#website\"},\"primaryImageOfPage\":{\"@id\":\"https:\\\/\\\/restaurantbindingsvaerket.dk\\\/vin\\\/#primaryimage\"},\"image\":{\"@id\":\"https:\\\/\\\/restaurantbindingsvaerket.dk\\\/vin\\\/#primaryimage\"},\"thumbnailUrl\":\"https:\\\/\\\/restaurantbindingsvaerket.dk\\\/wp-content\\\/uploads\\\/2023\\\/11\\\/AIMG_7898-scaled.jpg\",\"datePublished\":\"2023-11-06T09:54:15+00:00\",\"dateModified\":\"2025-07-21T07:59:40+00:00\",\"description\":\"Vi tror p\u00e5 det smukke samspil mellem mad og vin og at det helt rigtige match, kan v\u00e6re en uds\u00f8gt oplevelse i sig selv.\",\"breadcrumb\":{\"@id\":\"https:\\\/\\\/restaurantbindingsvaerket.dk\\\/vin\\\/#breadcrumb\"},\"inLanguage\":\"en-GB\",\"potentialAction\":[{\"@type\":\"ReadAction\",\"target\":[\"https:\\\/\\\/restaurantbindingsvaerket.dk\\\/vin\\\/\"]}]},{\"@type\":\"ImageObject\",\"inLanguage\":\"en-GB\",\"@id\":\"https:\\\/\\\/restaurantbindingsvaerket.dk\\\/vin\\\/#primaryimage\",\"url\":\"https:\\\/\\\/restaurantbindingsvaerket.dk\\\/wp-content\\\/uploads\\\/2023\\\/11\\\/AIMG_7898-scaled.jpg\",\"contentUrl\":\"https:\\\/\\\/restaurantbindingsvaerket.dk\\\/wp-content\\\/uploads\\\/2023\\\/11\\\/AIMG_7898-scaled.jpg\",\"width\":1920,\"height\":2560},{\"@type\":\"BreadcrumbList\",\"@id\":\"https:\\\/\\\/restaurantbindingsvaerket.dk\\\/vin\\\/#breadcrumb\",\"itemListElement\":[{\"@type\":\"ListItem\",\"position\":1,\"name\":\"Hjem\",\"item\":\"https:\\\/\\\/restaurantbindingsvaerket.dk\\\/\"},{\"@type\":\"ListItem\",\"position\":2,\"name\":\"Vin\"}]},{\"@type\":\"WebSite\",\"@id\":\"https:\\\/\\\/restaurantbindingsvaerket.dk\\\/#website\",\"url\":\"https:\\\/\\\/restaurantbindingsvaerket.dk\\\/\",\"name\":\"Restaurant Bindingsv\u00e6rket\",\"description\":\"Oplev gastronomi i Drammelstrup\",\"publisher\":{\"@id\":\"https:\\\/\\\/restaurantbindingsvaerket.dk\\\/#organization\"},\"potentialAction\":[{\"@type\":\"SearchAction\",\"target\":{\"@type\":\"EntryPoint\",\"urlTemplate\":\"https:\\\/\\\/restaurantbindingsvaerket.dk\\\/?s={search_term_string}\"},\"query-input\":{\"@type\":\"PropertyValueSpecification\",\"valueRequired\":true,\"valueName\":\"search_term_string\"}}],\"inLanguage\":\"en-GB\"},{\"@type\":\"Organization\",\"@id\":\"https:\\\/\\\/restaurantbindingsvaerket.dk\\\/#organization\",\"name\":\"Restaurant Bindingsv\u00e6rket\",\"alternateName\":\"Oplev gastronomi i Drammelstrup\",\"url\":\"https:\\\/\\\/restaurantbindingsvaerket.dk\\\/\",\"logo\":{\"@type\":\"ImageObject\",\"inLanguage\":\"en-GB\",\"@id\":\"https:\\\/\\\/restaurantbindingsvaerket.dk\\\/#\\\/schema\\\/logo\\\/image\\\/\",\"url\":\"https:\\\/\\\/restaurantbindingsvaerket.dk\\\/wp-content\\\/uploads\\\/2023\\\/11\\\/fav.png\",\"contentUrl\":\"https:\\\/\\\/restaurantbindingsvaerket.dk\\\/wp-content\\\/uploads\\\/2023\\\/11\\\/fav.png\",\"width\":214,\"height\":214,\"caption\":\"Restaurant Bindingsv\u00e6rket\"},\"image\":{\"@id\":\"https:\\\/\\\/restaurantbindingsvaerket.dk\\\/#\\\/schema\\\/logo\\\/image\\\/\"},\"sameAs\":[\"https:\\\/\\\/www.instagram.com\\\/restaurant_bindingsvaerket\\\/\"]}]}<\/script>\n<!-- \/ Yoast SEO plugin. -->","yoast_head_json":{"title":"Wine | Restaurant Bindingsv\u00e6rket","description":"We believe in the beautiful interplay between food and wine and that the perfect match can be an exquisite experience in itself.","robots":{"index":"index","follow":"follow","max-snippet":"max-snippet:-1","max-image-preview":"max-image-preview:large","max-video-preview":"max-video-preview:-1"},"canonical":"https:\/\/restaurantbindingsvaerket.dk\/en\/wine\/","og_locale":"en_GB","og_type":"article","og_title":"Vin | Restaurant Bindingsv\u00e6rket","og_description":"Vi tror p\u00e5 det smukke samspil mellem mad og vin og at det helt rigtige match, kan v\u00e6re en uds\u00f8gt oplevelse i sig selv.","og_url":"https:\/\/restaurantbindingsvaerket.dk\/en\/wine\/","og_site_name":"Restaurant Bindingsv\u00e6rket","article_modified_time":"2025-07-21T07:59:40+00:00","og_image":[{"width":1920,"height":2560,"url":"https:\/\/restaurantbindingsvaerket.dk\/wp-content\/uploads\/2023\/11\/AIMG_7898-scaled.jpg","type":"image\/jpeg"}],"twitter_card":"summary_large_image","twitter_misc":{"Estimated reading time":"1 minute"},"schema":{"@context":"https:\/\/schema.org","@graph":[{"@type":"WebPage","@id":"https:\/\/restaurantbindingsvaerket.dk\/vin\/","url":"https:\/\/restaurantbindingsvaerket.dk\/vin\/","name":"Wine | Restaurant Bindingsv\u00e6rket","isPartOf":{"@id":"https:\/\/restaurantbindingsvaerket.dk\/#website"},"primaryImageOfPage":{"@id":"https:\/\/restaurantbindingsvaerket.dk\/vin\/#primaryimage"},"image":{"@id":"https:\/\/restaurantbindingsvaerket.dk\/vin\/#primaryimage"},"thumbnailUrl":"https:\/\/restaurantbindingsvaerket.dk\/wp-content\/uploads\/2023\/11\/AIMG_7898-scaled.jpg","datePublished":"2023-11-06T09:54:15+00:00","dateModified":"2025-07-21T07:59:40+00:00","description":"We believe in the beautiful interplay between food and wine and that the perfect match can be an exquisite experience in itself.","breadcrumb":{"@id":"https:\/\/restaurantbindingsvaerket.dk\/vin\/#breadcrumb"},"inLanguage":"en-GB","potentialAction":[{"@type":"ReadAction","target":["https:\/\/restaurantbindingsvaerket.dk\/vin\/"]}]},{"@type":"ImageObject","inLanguage":"en-GB","@id":"https:\/\/restaurantbindingsvaerket.dk\/vin\/#primaryimage","url":"https:\/\/restaurantbindingsvaerket.dk\/wp-content\/uploads\/2023\/11\/AIMG_7898-scaled.jpg","contentUrl":"https:\/\/restaurantbindingsvaerket.dk\/wp-content\/uploads\/2023\/11\/AIMG_7898-scaled.jpg","width":1920,"height":2560},{"@type":"BreadcrumbList","@id":"https:\/\/restaurantbindingsvaerket.dk\/vin\/#breadcrumb","itemListElement":[{"@type":"ListItem","position":1,"name":"Hjem","item":"https:\/\/restaurantbindingsvaerket.dk\/"},{"@type":"ListItem","position":2,"name":"Vin"}]},{"@type":"WebSite","@id":"https:\/\/restaurantbindingsvaerket.dk\/#website","url":"https:\/\/restaurantbindingsvaerket.dk\/","name":"Restaurant Bindingsv\u00e6rket","description":"Experience gastronomy in Drammelstrup","publisher":{"@id":"https:\/\/restaurantbindingsvaerket.dk\/#organization"},"potentialAction":[{"@type":"SearchAction","target":{"@type":"EntryPoint","urlTemplate":"https:\/\/restaurantbindingsvaerket.dk\/?s={search_term_string}"},"query-input":{"@type":"PropertyValueSpecification","valueRequired":true,"valueName":"search_term_string"}}],"inLanguage":"en-GB"},{"@type":"Organization","@id":"https:\/\/restaurantbindingsvaerket.dk\/#organization","name":"Restaurant Bindingsv\u00e6rket","alternateName":"Oplev gastronomi i Drammelstrup","url":"https:\/\/restaurantbindingsvaerket.dk\/","logo":{"@type":"ImageObject","inLanguage":"en-GB","@id":"https:\/\/restaurantbindingsvaerket.dk\/#\/schema\/logo\/image\/","url":"https:\/\/restaurantbindingsvaerket.dk\/wp-content\/uploads\/2023\/11\/fav.png","contentUrl":"https:\/\/restaurantbindingsvaerket.dk\/wp-content\/uploads\/2023\/11\/fav.png","width":214,"height":214,"caption":"Restaurant Bindingsv\u00e6rket"},"image":{"@id":"https:\/\/restaurantbindingsvaerket.dk\/#\/schema\/logo\/image\/"},"sameAs":["https:\/\/www.instagram.com\/restaurant_bindingsvaerket\/"]}]}},"_links":{"self":[{"href":"https:\/\/restaurantbindingsvaerket.dk\/en\/wp-json\/wp\/v2\/pages\/571","targetHints":{"allow":["GET"]}}],"collection":[{"href":"https:\/\/restaurantbindingsvaerket.dk\/en\/wp-json\/wp\/v2\/pages"}],"about":[{"href":"https:\/\/restaurantbindingsvaerket.dk\/en\/wp-json\/wp\/v2\/types\/page"}],"author":[{"embeddable":true,"href":"https:\/\/restaurantbindingsvaerket.dk\/en\/wp-json\/wp\/v2\/users\/1"}],"replies":[{"embeddable":true,"href":"https:\/\/restaurantbindingsvaerket.dk\/en\/wp-json\/wp\/v2\/comments?post=571"}],"version-history":[{"count":10,"href":"https:\/\/restaurantbindingsvaerket.dk\/en\/wp-json\/wp\/v2\/pages\/571\/revisions"}],"predecessor-version":[{"id":1351,"href":"https:\/\/restaurantbindingsvaerket.dk\/en\/wp-json\/wp\/v2\/pages\/571\/revisions\/1351"}],"wp:featuredmedia":[{"embeddable":true,"href":"https:\/\/restaurantbindingsvaerket.dk\/en\/wp-json\/wp\/v2\/media\/572"}],"wp:attachment":[{"href":"https:\/\/restaurantbindingsvaerket.dk\/en\/wp-json\/wp\/v2\/media?parent=571"}],"curies":[{"name":"wp","href":"https:\/\/api.w.org\/{rel}","templated":true}]}}