{"id":579,"date":"2023-11-06T13:45:41","date_gmt":"2023-11-06T12:45:41","guid":{"rendered":"https:\/\/restaurantbindingsvaerket.sky144.dk\/?page_id=579"},"modified":"2025-11-23T09:27:41","modified_gmt":"2025-11-23T08:27:41","slug":"companies","status":"publish","type":"page","link":"https:\/\/restaurantbindingsvaerket.dk\/en\/selskaber\/","title":{"rendered":"Companies"},"content":{"rendered":"<div class=\"wpb-content-wrapper\"><div data-parent=\"true\" class=\"vc_row row-container\" id=\"row-unique-0\"><div class=\"row triple-top-padding double-bottom-padding single-h-padding limit-width row-parent\"><div class=\"wpb_row row-inner\"><div class=\"wpb_column pos-top pos-center align_left column_parent col-lg-2 single-internal-gutter\"><div class=\"uncol style-light\"  ><div class=\"uncoltable\"><div class=\"uncell no-block-padding\" ><div class=\"uncont\" ><\/div><\/div><\/div><\/div><\/div><div class=\"wpb_column pos-top pos-center align_center column_parent col-lg-8 half-internal-gutter\"><div class=\"uncol style-light animate_when_almost_visible alpha-anim\"  ><div class=\"uncoltable\"><div class=\"uncell no-block-padding\" ><div class=\"uncont\" ><div class=\"vc_custom_heading_wrap\"><div class=\"heading-text el-text\" ><h2 class=\"h2\" ><span>Let us help you tailor your event<\/span><\/h2><\/div><div class=\"clear\"><\/div><\/div><div class=\"uncode_text_column\" ><p>In cozy rooms, it is possible to hold parties with us, where love for good food, delicious wine and committed staff will be a wonderful setting for your day.<\/p>\n<p>Birthday, wedding, confirmation or something completely different - We help put together a menu and wine according to your needs and wishes.<\/p>\n<\/div><span class=\"btn-container\" ><a role=\"button\"  href=\"\/en\/contact\/\" class=\"custom-link btn border-width-0 btn-default btn-outline btn-no-scale btn-icon-left\" title=\"Contact Restaurant Bindingsv\u00e6rket\">Contact us<\/a><\/span><\/div><\/div><\/div><\/div><\/div><div class=\"wpb_column pos-top pos-center align_left column_parent col-lg-2 single-internal-gutter\"><div class=\"uncol style-light\"  ><div class=\"uncoltable\"><div class=\"uncell no-block-padding\" ><div class=\"uncont\" ><\/div><\/div><\/div><\/div><\/div><script id=\"script-row-unique-0\" data-row=\"script-row-unique-0\" type=\"text\/javascript\" class=\"vc_controls\">UNCODE.initRow(document.getElementById(\"row-unique-0\"));<\/script><\/div><\/div><\/div><div data-parent=\"true\" class=\"vc_row row-container\" id=\"row-unique-1\"><div class=\"row limit-width row-parent\" style=\"max-width:996px; margin-left:auto; margin-right:auto;\"><div class=\"wpb_row row-inner\"><div class=\"wpb_column pos-top pos-center align_left column_parent col-lg-6 half-internal-gutter\"><div class=\"uncol style-light\"  ><div class=\"uncoltable\"><div class=\"uncell no-block-padding\" ><div class=\"uncont\" ><div class=\"vc_custom_heading_wrap\"><div class=\"heading-text el-text\" ><h2 class=\"h2\" ><span>Keep the party at home and let us provide the food<\/span><\/h2><\/div><div class=\"clear\"><\/div><\/div><div class=\"uncode_text_column\" ><p>Restaurant Bindingsv\u00e6rket delivers the food, pours the wine and does the dishes.<br \/>\nIf you have a larger company that you would like to hold in a homely environment, we offer event solutions out of the house.<\/p>\n<p>It is important to us to deliver good and tasty food for the perfect evening for you and your guests. If you want to complete the experience, we offer wine menus for all our packages.<\/p>\n<\/div><\/div><\/div><\/div><\/div><\/div><div class=\"wpb_column pos-top pos-center align_left column_parent col-lg-6 half-internal-gutter\"><div class=\"uncol style-light\"  ><div class=\"uncoltable\"><div class=\"uncell no-block-padding\" ><div class=\"uncont\" ><div class=\"vc_custom_heading_wrap\"><div class=\"heading-text el-text\" ><h2 class=\"h2\" ><span>The practical details<\/span><\/h2><\/div><div class=\"clear\"><\/div><\/div><div class=\"uncode_text_column\" ><p>We offer parties at Restaurant Bindingsv\u00e6rket for up to 30 people.<\/p>\n<p>For larger companies at Ludvigsminde, contact us on tel. 40608059<\/p>\n<p>Out-of-house event solutions from 25 to 70 people.<\/p>\n<p>Send us a non-binding inquiry by e-mail: restaurantbindingsvaerket@gmail.com or contact us on tel: 40 60 80 59.<\/p>\n<p>Read more about our cancellation rules and other conditions for companies below.<\/p>\n<\/div><span class=\"btn-container\" ><a role=\"button\"  href=\"\/en\/faq\/\" class=\"custom-link btn border-width-0 btn-default btn-outline btn-no-scale btn-icon-left\" title=\"Terms and conditions - Restaurant Bindingsv\u00e6rket\">Terms and Conditions<\/a><\/span><\/div><\/div><\/div><\/div><\/div><script id=\"script-row-unique-1\" data-row=\"script-row-unique-1\" type=\"text\/javascript\" class=\"vc_controls\">UNCODE.initRow(document.getElementById(\"row-unique-1\"));<\/script><\/div><\/div><\/div><div data-parent=\"true\" class=\"vc_row row-container\" id=\"row-unique-2\"><div class=\"row limit-width row-parent\"><div class=\"wpb_row row-inner\"><div class=\"wpb_column pos-top pos-center align_left column_parent col-lg-12 single-internal-gutter\"><div class=\"uncol style-light animate_when_almost_visible alpha-anim\"  ><div class=\"uncoltable\"><div class=\"uncell no-block-padding\" ><div class=\"uncont\" ><div class=\"un-media-gallery owl-carousel-wrapper\">\n\t\t\n\t\n\t<div class=\"owl-carousel-container owl-carousel-loading no-gutter\" >\n\t\t\t\t\t\t\t\t\t<div id=\"gallery-112610\" class=\"owl-carousel owl-element owl-height-auto owl-dots-inside owl-dots-double-block-padding owl-dots-align-right\" data-loop=\"true\" data-dots=\"true\" data-navmobile=\"false\" data-navspeed=\"1000\" data-autoplay=\"true\" data-timeout=\"5000\" data-stagepadding=\"0\" data-lg=\"1\" data-md=\"1\" data-sm=\"1\">\n<div class=\"tmb tmb-carousel tmb-iso-h4 img-round img-round-lg tmb-light tmb-overlay-text-anim tmb-overlay-middle tmb-overlay-text-left tmb-id-473  tmb-img-ratio tmb-media-first tmb-media-last tmb-content-overlay tmb-no-bg\" ><div class=\"t-inside no-anim\" ><div class=\"t-entry-visual\"><div class=\"t-entry-visual-tc\"><div class=\"t-entry-visual-cont\"><div class=\"dummy\" style=\"padding-top: 56.3%;\"><\/div><a  class=\"inactive-link pushed\" data-lb-index=\"0\"><div class=\"t-entry-visual-overlay\"><div class=\"t-entry-visual-overlay-in style-dark-bg\" style=\"opacity: 0.01;\"><\/div><\/div><img decoding=\"async\" class=\"wp-image-473\" src=\"https:\/\/restaurantbindingsvaerket.dk\/wp-content\/uploads\/2023\/10\/IMG_2666-scaled-uai-1920x1080.jpg\" width=\"1920\" height=\"1080\" alt=\"\" \/><\/a><\/div>\n\t\t\t\t\t<\/div>\n\t\t\t\t<\/div><\/div><\/div><div class=\"tmb tmb-carousel tmb-iso-h4 img-round img-round-lg tmb-light tmb-overlay-text-anim tmb-overlay-middle tmb-overlay-text-left tmb-id-475  tmb-img-ratio tmb-media-first tmb-media-last tmb-content-overlay tmb-no-bg\" ><div class=\"t-inside no-anim\" ><div class=\"t-entry-visual\"><div class=\"t-entry-visual-tc\"><div class=\"t-entry-visual-cont\"><div class=\"dummy\" style=\"padding-top: 56.2%;\"><\/div><a  class=\"inactive-link pushed\" data-lb-index=\"1\"><div class=\"t-entry-visual-overlay\"><div class=\"t-entry-visual-overlay-in style-dark-bg\" style=\"opacity: 0.01;\"><\/div><\/div><img decoding=\"async\" class=\"wp-image-475\" src=\"https:\/\/restaurantbindingsvaerket.dk\/wp-content\/uploads\/2023\/10\/IMG_2711-scaled-uai-2552x1435.jpg\" width=\"2552\" height=\"1435\" alt=\"\" \/><\/a><\/div>\n\t\t\t\t\t<\/div>\n\t\t\t\t<\/div><\/div><\/div><div class=\"tmb tmb-carousel tmb-iso-h4 img-round img-round-lg tmb-light tmb-overlay-text-anim tmb-overlay-middle tmb-overlay-text-left tmb-id-478  tmb-img-ratio tmb-media-first tmb-media-last tmb-content-overlay tmb-no-bg\" ><div class=\"t-inside no-anim\" ><div class=\"t-entry-visual\"><div class=\"t-entry-visual-tc\"><div class=\"t-entry-visual-cont\"><div class=\"dummy\" style=\"padding-top: 56.3%;\"><\/div><a  class=\"inactive-link pushed\" data-lb-index=\"2\"><div class=\"t-entry-visual-overlay\"><div class=\"t-entry-visual-overlay-in style-dark-bg\" style=\"opacity: 0.01;\"><\/div><\/div><img decoding=\"async\" class=\"wp-image-478\" src=\"https:\/\/restaurantbindingsvaerket.dk\/wp-content\/uploads\/2023\/10\/IMG_2657-scaled-uai-1920x1080.jpg\" width=\"1920\" height=\"1080\" alt=\"\" \/><\/a><\/div>\n\t\t\t\t\t<\/div>\n\t\t\t\t<\/div><\/div><\/div><div class=\"tmb tmb-carousel tmb-iso-h4 img-round img-round-lg tmb-light tmb-overlay-text-anim tmb-overlay-middle tmb-overlay-text-left tmb-id-479  tmb-img-ratio tmb-media-first tmb-media-last tmb-content-overlay tmb-no-bg\" ><div class=\"t-inside no-anim\" ><div class=\"t-entry-visual\"><div class=\"t-entry-visual-tc\"><div class=\"t-entry-visual-cont\"><div class=\"dummy\" style=\"padding-top: 56.2%;\"><\/div><a  class=\"inactive-link pushed\" data-lb-index=\"3\"><div class=\"t-entry-visual-overlay\"><div class=\"t-entry-visual-overlay-in style-dark-bg\" style=\"opacity: 0.01;\"><\/div><\/div><img decoding=\"async\" class=\"wp-image-479\" src=\"https:\/\/restaurantbindingsvaerket.dk\/wp-content\/uploads\/2023\/10\/image_6487327-uai-1768x994.jpg\" width=\"1768\" height=\"994\" alt=\"gastronomic experience at restaurant bindingsv\u00e6rket djursland\" \/><\/a><\/div>\n\t\t\t\t\t<\/div>\n\t\t\t\t<\/div><\/div><\/div><div class=\"tmb tmb-carousel tmb-iso-h4 img-round img-round-lg tmb-light tmb-overlay-text-anim tmb-overlay-middle tmb-overlay-text-left tmb-id-480  tmb-img-ratio tmb-media-first tmb-media-last tmb-content-overlay tmb-no-bg\" ><div class=\"t-inside no-anim\" ><div class=\"t-entry-visual\"><div class=\"t-entry-visual-tc\"><div class=\"t-entry-visual-cont\"><div class=\"dummy\" style=\"padding-top: 56.3%;\"><\/div><a  class=\"inactive-link pushed\" data-lb-index=\"4\"><div class=\"t-entry-visual-overlay\"><div class=\"t-entry-visual-overlay-in style-dark-bg\" style=\"opacity: 0.01;\"><\/div><\/div><img decoding=\"async\" class=\"wp-image-480\" src=\"https:\/\/restaurantbindingsvaerket.dk\/wp-content\/uploads\/2023\/10\/IMG_2713-scaled-uai-1824x1026.jpg\" width=\"1824\" height=\"1026\" alt=\"\" \/><\/a><\/div>\n\t\t\t\t\t<\/div>\n\t\t\t\t<\/div><\/div><\/div><div class=\"tmb tmb-carousel tmb-iso-h4 img-round img-round-lg tmb-light tmb-overlay-text-anim tmb-overlay-middle tmb-overlay-text-left tmb-id-481  tmb-img-ratio tmb-media-first tmb-media-last tmb-content-overlay tmb-no-bg\" ><div class=\"t-inside no-anim\" ><div class=\"t-entry-visual\"><div class=\"t-entry-visual-tc\"><div class=\"t-entry-visual-cont\"><div class=\"dummy\" style=\"padding-top: 56.3%;\"><\/div><a  class=\"inactive-link pushed\" data-lb-index=\"5\"><div class=\"t-entry-visual-overlay\"><div class=\"t-entry-visual-overlay-in style-dark-bg\" style=\"opacity: 0.01;\"><\/div><\/div><img decoding=\"async\" class=\"wp-image-481\" src=\"https:\/\/restaurantbindingsvaerket.dk\/wp-content\/uploads\/2023\/10\/image_67197953-scaled-uai-1920x1080.jpg\" width=\"1920\" height=\"1080\" alt=\"the timber frame at djursland\" \/><\/a><\/div>\n\t\t\t\t\t<\/div>\n\t\t\t\t<\/div><\/div><\/div><div class=\"tmb tmb-carousel tmb-iso-h4 img-round img-round-lg tmb-light tmb-overlay-text-anim tmb-overlay-middle tmb-overlay-text-left tmb-id-472  tmb-img-ratio tmb-media-first tmb-media-last tmb-content-overlay tmb-no-bg\" ><div class=\"t-inside no-anim\" ><div class=\"t-entry-visual\"><div class=\"t-entry-visual-tc\"><div class=\"t-entry-visual-cont\"><div class=\"dummy\" style=\"padding-top: 56.3%;\"><\/div><a  class=\"inactive-link pushed\" data-lb-index=\"6\"><div class=\"t-entry-visual-overlay\"><div class=\"t-entry-visual-overlay-in style-dark-bg\" style=\"opacity: 0.01;\"><\/div><\/div><img decoding=\"async\" class=\"wp-image-472\" src=\"https:\/\/restaurantbindingsvaerket.dk\/wp-content\/uploads\/2023\/10\/restaurant-bindingsvaerket-drone.jpeg\" width=\"2560\" height=\"1440\" alt=\"\" srcset=\"https:\/\/restaurantbindingsvaerket.dk\/wp-content\/uploads\/2023\/10\/restaurant-bindingsvaerket-drone.jpeg 2560w, https:\/\/restaurantbindingsvaerket.dk\/wp-content\/uploads\/2023\/10\/restaurant-bindingsvaerket-drone-300x169.jpeg 300w, https:\/\/restaurantbindingsvaerket.dk\/wp-content\/uploads\/2023\/10\/restaurant-bindingsvaerket-drone-1024x576.jpeg 1024w, https:\/\/restaurantbindingsvaerket.dk\/wp-content\/uploads\/2023\/10\/restaurant-bindingsvaerket-drone-768x432.jpeg 768w, https:\/\/restaurantbindingsvaerket.dk\/wp-content\/uploads\/2023\/10\/restaurant-bindingsvaerket-drone-1536x864.jpeg 1536w, https:\/\/restaurantbindingsvaerket.dk\/wp-content\/uploads\/2023\/10\/restaurant-bindingsvaerket-drone-2048x1152.jpeg 2048w, https:\/\/restaurantbindingsvaerket.dk\/wp-content\/uploads\/2023\/10\/restaurant-bindingsvaerket-drone-18x10.jpeg 18w, https:\/\/restaurantbindingsvaerket.dk\/wp-content\/uploads\/2023\/10\/restaurant-bindingsvaerket-drone-350x197.jpeg 350w\" sizes=\"(max-width: 2560px) 100vw, 2560px\" \/><\/a><\/div>\n\t\t\t\t\t<\/div>\n\t\t\t\t<\/div><\/div><\/div>\t\t\t<\/div>\n\t\t\t\t\t<\/div>\n\n\t\n\t\n\t\n<\/div>\n\n<\/div><\/div><\/div><\/div><\/div><script id=\"script-row-unique-2\" data-row=\"script-row-unique-2\" type=\"text\/javascript\" class=\"vc_controls\">UNCODE.initRow(document.getElementById(\"row-unique-2\"));<\/script><\/div><\/div><\/div>\n<\/div>","protected":false},"excerpt":{"rendered":"<p>The perfect day or evening with Restaurant Bindingsv\u00e6rket.<\/p>","protected":false},"author":1,"featured_media":590,"parent":0,"menu_order":0,"comment_status":"closed","ping_status":"closed","template":"","meta":{"footnotes":""},"class_list":["post-579","page","type-page","status-publish","has-post-thumbnail","hentry"],"yoast_head":"<!-- This site is optimized with the Yoast SEO plugin v27.5 - https:\/\/yoast.com\/product\/yoast-seo-wordpress\/ -->\n<title>Selskaber | Restaurant Bindingsv\u00e6rket<\/title>\n<meta name=\"description\" content=\"F\u00f8dselsdag, bryllup, konfirmation eller noget helt fjerde \u2013 Vi hj\u00e6lper med at sammens\u00e6tte menu og vin efter jeres behov og \u00f8nsker.\" \/>\n<meta name=\"robots\" content=\"index, follow, max-snippet:-1, max-image-preview:large, max-video-preview:-1\" \/>\n<link rel=\"canonical\" href=\"https:\/\/restaurantbindingsvaerket.dk\/en\/companies\/\" \/>\n<meta property=\"og:locale\" content=\"en_GB\" \/>\n<meta property=\"og:type\" content=\"article\" \/>\n<meta property=\"og:title\" content=\"Selskaber | Restaurant Bindingsv\u00e6rket\" \/>\n<meta property=\"og:description\" content=\"F\u00f8dselsdag, bryllup, konfirmation eller noget helt fjerde \u2013 Vi hj\u00e6lper med at sammens\u00e6tte menu og vin efter jeres behov og \u00f8nsker.\" \/>\n<meta property=\"og:url\" content=\"https:\/\/restaurantbindingsvaerket.dk\/en\/companies\/\" \/>\n<meta property=\"og:site_name\" content=\"Restaurant Bindingsv\u00e6rket\" \/>\n<meta property=\"article:modified_time\" content=\"2025-11-23T08:27:41+00:00\" \/>\n<meta property=\"og:image\" content=\"https:\/\/restaurantbindingsvaerket.dk\/wp-content\/uploads\/2023\/11\/IMG_7563-scaled.jpg\" \/>\n\t<meta property=\"og:image:width\" content=\"2560\" \/>\n\t<meta property=\"og:image:height\" content=\"1920\" \/>\n\t<meta property=\"og:image:type\" content=\"image\/jpeg\" \/>\n<meta name=\"twitter:card\" content=\"summary_large_image\" \/>\n<meta name=\"twitter:label1\" content=\"Estimated reading time\" \/>\n\t<meta name=\"twitter:data1\" content=\"2 minutes\" \/>\n<script type=\"application\/ld+json\" class=\"yoast-schema-graph\">{\"@context\":\"https:\\\/\\\/schema.org\",\"@graph\":[{\"@type\":\"WebPage\",\"@id\":\"https:\\\/\\\/restaurantbindingsvaerket.dk\\\/selskaber\\\/\",\"url\":\"https:\\\/\\\/restaurantbindingsvaerket.dk\\\/selskaber\\\/\",\"name\":\"Selskaber | Restaurant Bindingsv\u00e6rket\",\"isPartOf\":{\"@id\":\"https:\\\/\\\/restaurantbindingsvaerket.dk\\\/#website\"},\"primaryImageOfPage\":{\"@id\":\"https:\\\/\\\/restaurantbindingsvaerket.dk\\\/selskaber\\\/#primaryimage\"},\"image\":{\"@id\":\"https:\\\/\\\/restaurantbindingsvaerket.dk\\\/selskaber\\\/#primaryimage\"},\"thumbnailUrl\":\"https:\\\/\\\/restaurantbindingsvaerket.dk\\\/wp-content\\\/uploads\\\/2023\\\/11\\\/IMG_7563-scaled.jpg\",\"datePublished\":\"2023-11-06T12:45:41+00:00\",\"dateModified\":\"2025-11-23T08:27:41+00:00\",\"description\":\"F\u00f8dselsdag, bryllup, konfirmation eller noget helt fjerde \u2013 Vi hj\u00e6lper med at sammens\u00e6tte menu og vin efter jeres behov og \u00f8nsker.\",\"breadcrumb\":{\"@id\":\"https:\\\/\\\/restaurantbindingsvaerket.dk\\\/selskaber\\\/#breadcrumb\"},\"inLanguage\":\"en-GB\",\"potentialAction\":[{\"@type\":\"ReadAction\",\"target\":[\"https:\\\/\\\/restaurantbindingsvaerket.dk\\\/selskaber\\\/\"]}]},{\"@type\":\"ImageObject\",\"inLanguage\":\"en-GB\",\"@id\":\"https:\\\/\\\/restaurantbindingsvaerket.dk\\\/selskaber\\\/#primaryimage\",\"url\":\"https:\\\/\\\/restaurantbindingsvaerket.dk\\\/wp-content\\\/uploads\\\/2023\\\/11\\\/IMG_7563-scaled.jpg\",\"contentUrl\":\"https:\\\/\\\/restaurantbindingsvaerket.dk\\\/wp-content\\\/uploads\\\/2023\\\/11\\\/IMG_7563-scaled.jpg\",\"width\":2560,\"height\":1920},{\"@type\":\"BreadcrumbList\",\"@id\":\"https:\\\/\\\/restaurantbindingsvaerket.dk\\\/selskaber\\\/#breadcrumb\",\"itemListElement\":[{\"@type\":\"ListItem\",\"position\":1,\"name\":\"Hjem\",\"item\":\"https:\\\/\\\/restaurantbindingsvaerket.dk\\\/\"},{\"@type\":\"ListItem\",\"position\":2,\"name\":\"Selskaber\"}]},{\"@type\":\"WebSite\",\"@id\":\"https:\\\/\\\/restaurantbindingsvaerket.dk\\\/#website\",\"url\":\"https:\\\/\\\/restaurantbindingsvaerket.dk\\\/\",\"name\":\"Restaurant Bindingsv\u00e6rket\",\"description\":\"Oplev gastronomi i Drammelstrup\",\"publisher\":{\"@id\":\"https:\\\/\\\/restaurantbindingsvaerket.dk\\\/#organization\"},\"potentialAction\":[{\"@type\":\"SearchAction\",\"target\":{\"@type\":\"EntryPoint\",\"urlTemplate\":\"https:\\\/\\\/restaurantbindingsvaerket.dk\\\/?s={search_term_string}\"},\"query-input\":{\"@type\":\"PropertyValueSpecification\",\"valueRequired\":true,\"valueName\":\"search_term_string\"}}],\"inLanguage\":\"en-GB\"},{\"@type\":\"Organization\",\"@id\":\"https:\\\/\\\/restaurantbindingsvaerket.dk\\\/#organization\",\"name\":\"Restaurant Bindingsv\u00e6rket\",\"alternateName\":\"Oplev gastronomi i Drammelstrup\",\"url\":\"https:\\\/\\\/restaurantbindingsvaerket.dk\\\/\",\"logo\":{\"@type\":\"ImageObject\",\"inLanguage\":\"en-GB\",\"@id\":\"https:\\\/\\\/restaurantbindingsvaerket.dk\\\/#\\\/schema\\\/logo\\\/image\\\/\",\"url\":\"https:\\\/\\\/restaurantbindingsvaerket.dk\\\/wp-content\\\/uploads\\\/2023\\\/11\\\/fav.png\",\"contentUrl\":\"https:\\\/\\\/restaurantbindingsvaerket.dk\\\/wp-content\\\/uploads\\\/2023\\\/11\\\/fav.png\",\"width\":214,\"height\":214,\"caption\":\"Restaurant Bindingsv\u00e6rket\"},\"image\":{\"@id\":\"https:\\\/\\\/restaurantbindingsvaerket.dk\\\/#\\\/schema\\\/logo\\\/image\\\/\"},\"sameAs\":[\"https:\\\/\\\/www.instagram.com\\\/restaurant_bindingsvaerket\\\/\"]}]}<\/script>\n<!-- \/ Yoast SEO plugin. -->","yoast_head_json":{"title":"Companies | Restaurant Bindingsv\u00e6rket","description":"Birthday, wedding, confirmation or something completely different - We help put together a menu and wine according to your needs and wishes.","robots":{"index":"index","follow":"follow","max-snippet":"max-snippet:-1","max-image-preview":"max-image-preview:large","max-video-preview":"max-video-preview:-1"},"canonical":"https:\/\/restaurantbindingsvaerket.dk\/en\/companies\/","og_locale":"en_GB","og_type":"article","og_title":"Selskaber | Restaurant Bindingsv\u00e6rket","og_description":"F\u00f8dselsdag, bryllup, konfirmation eller noget helt fjerde \u2013 Vi hj\u00e6lper med at sammens\u00e6tte menu og vin efter jeres behov og \u00f8nsker.","og_url":"https:\/\/restaurantbindingsvaerket.dk\/en\/companies\/","og_site_name":"Restaurant Bindingsv\u00e6rket","article_modified_time":"2025-11-23T08:27:41+00:00","og_image":[{"width":2560,"height":1920,"url":"https:\/\/restaurantbindingsvaerket.dk\/wp-content\/uploads\/2023\/11\/IMG_7563-scaled.jpg","type":"image\/jpeg"}],"twitter_card":"summary_large_image","twitter_misc":{"Estimated reading time":"2 minutes"},"schema":{"@context":"https:\/\/schema.org","@graph":[{"@type":"WebPage","@id":"https:\/\/restaurantbindingsvaerket.dk\/selskaber\/","url":"https:\/\/restaurantbindingsvaerket.dk\/selskaber\/","name":"Companies | Restaurant Bindingsv\u00e6rket","isPartOf":{"@id":"https:\/\/restaurantbindingsvaerket.dk\/#website"},"primaryImageOfPage":{"@id":"https:\/\/restaurantbindingsvaerket.dk\/selskaber\/#primaryimage"},"image":{"@id":"https:\/\/restaurantbindingsvaerket.dk\/selskaber\/#primaryimage"},"thumbnailUrl":"https:\/\/restaurantbindingsvaerket.dk\/wp-content\/uploads\/2023\/11\/IMG_7563-scaled.jpg","datePublished":"2023-11-06T12:45:41+00:00","dateModified":"2025-11-23T08:27:41+00:00","description":"Birthday, wedding, confirmation or something completely different - We help put together a menu and wine according to your needs and wishes.","breadcrumb":{"@id":"https:\/\/restaurantbindingsvaerket.dk\/selskaber\/#breadcrumb"},"inLanguage":"en-GB","potentialAction":[{"@type":"ReadAction","target":["https:\/\/restaurantbindingsvaerket.dk\/selskaber\/"]}]},{"@type":"ImageObject","inLanguage":"en-GB","@id":"https:\/\/restaurantbindingsvaerket.dk\/selskaber\/#primaryimage","url":"https:\/\/restaurantbindingsvaerket.dk\/wp-content\/uploads\/2023\/11\/IMG_7563-scaled.jpg","contentUrl":"https:\/\/restaurantbindingsvaerket.dk\/wp-content\/uploads\/2023\/11\/IMG_7563-scaled.jpg","width":2560,"height":1920},{"@type":"BreadcrumbList","@id":"https:\/\/restaurantbindingsvaerket.dk\/selskaber\/#breadcrumb","itemListElement":[{"@type":"ListItem","position":1,"name":"Hjem","item":"https:\/\/restaurantbindingsvaerket.dk\/"},{"@type":"ListItem","position":2,"name":"Selskaber"}]},{"@type":"WebSite","@id":"https:\/\/restaurantbindingsvaerket.dk\/#website","url":"https:\/\/restaurantbindingsvaerket.dk\/","name":"Restaurant Bindingsv\u00e6rket","description":"Experience gastronomy in Drammelstrup","publisher":{"@id":"https:\/\/restaurantbindingsvaerket.dk\/#organization"},"potentialAction":[{"@type":"SearchAction","target":{"@type":"EntryPoint","urlTemplate":"https:\/\/restaurantbindingsvaerket.dk\/?s={search_term_string}"},"query-input":{"@type":"PropertyValueSpecification","valueRequired":true,"valueName":"search_term_string"}}],"inLanguage":"en-GB"},{"@type":"Organization","@id":"https:\/\/restaurantbindingsvaerket.dk\/#organization","name":"Restaurant Bindingsv\u00e6rket","alternateName":"Oplev gastronomi i Drammelstrup","url":"https:\/\/restaurantbindingsvaerket.dk\/","logo":{"@type":"ImageObject","inLanguage":"en-GB","@id":"https:\/\/restaurantbindingsvaerket.dk\/#\/schema\/logo\/image\/","url":"https:\/\/restaurantbindingsvaerket.dk\/wp-content\/uploads\/2023\/11\/fav.png","contentUrl":"https:\/\/restaurantbindingsvaerket.dk\/wp-content\/uploads\/2023\/11\/fav.png","width":214,"height":214,"caption":"Restaurant Bindingsv\u00e6rket"},"image":{"@id":"https:\/\/restaurantbindingsvaerket.dk\/#\/schema\/logo\/image\/"},"sameAs":["https:\/\/www.instagram.com\/restaurant_bindingsvaerket\/"]}]}},"_links":{"self":[{"href":"https:\/\/restaurantbindingsvaerket.dk\/en\/wp-json\/wp\/v2\/pages\/579","targetHints":{"allow":["GET"]}}],"collection":[{"href":"https:\/\/restaurantbindingsvaerket.dk\/en\/wp-json\/wp\/v2\/pages"}],"about":[{"href":"https:\/\/restaurantbindingsvaerket.dk\/en\/wp-json\/wp\/v2\/types\/page"}],"author":[{"embeddable":true,"href":"https:\/\/restaurantbindingsvaerket.dk\/en\/wp-json\/wp\/v2\/users\/1"}],"replies":[{"embeddable":true,"href":"https:\/\/restaurantbindingsvaerket.dk\/en\/wp-json\/wp\/v2\/comments?post=579"}],"version-history":[{"count":13,"href":"https:\/\/restaurantbindingsvaerket.dk\/en\/wp-json\/wp\/v2\/pages\/579\/revisions"}],"predecessor-version":[{"id":1413,"href":"https:\/\/restaurantbindingsvaerket.dk\/en\/wp-json\/wp\/v2\/pages\/579\/revisions\/1413"}],"wp:featuredmedia":[{"embeddable":true,"href":"https:\/\/restaurantbindingsvaerket.dk\/en\/wp-json\/wp\/v2\/media\/590"}],"wp:attachment":[{"href":"https:\/\/restaurantbindingsvaerket.dk\/en\/wp-json\/wp\/v2\/media?parent=579"}],"curies":[{"name":"wp","href":"https:\/\/api.w.org\/{rel}","templated":true}]}}