{"id":592,"date":"2023-11-06T15:02:12","date_gmt":"2023-11-06T14:02:12","guid":{"rendered":"https:\/\/restaurantbindingsvaerket.sky144.dk\/?page_id=592"},"modified":"2024-10-06T20:39:22","modified_gmt":"2024-10-06T18:39:22","slug":"rooms","status":"publish","type":"page","link":"https:\/\/restaurantbindingsvaerket.dk\/en\/vaerelser\/","title":{"rendered":"Rooms"},"content":{"rendered":"<div class=\"wpb-content-wrapper\"><div data-parent=\"true\" class=\"vc_row row-container\" id=\"row-unique-0\"><div class=\"row triple-top-padding double-bottom-padding single-h-padding limit-width row-parent\"><div class=\"wpb_row row-inner\"><div class=\"wpb_column pos-top pos-center align_left column_parent col-lg-2 single-internal-gutter\"><div class=\"uncol style-light\"  ><div class=\"uncoltable\"><div class=\"uncell no-block-padding\" ><div class=\"uncont\" ><\/div><\/div><\/div><\/div><\/div><div class=\"wpb_column pos-top pos-center align_center column_parent col-lg-8 half-internal-gutter\"><div class=\"uncol style-light animate_when_almost_visible alpha-anim\"  ><div class=\"uncoltable\"><div class=\"uncell no-block-padding\" ><div class=\"uncont\" ><div class=\"vc_custom_heading_wrap\"><div class=\"heading-text el-text\" ><h2 class=\"h2\" ><span>Book a room at Restaurant Bindingsv\u00e6rket<\/span><\/h2><\/div><div class=\"clear\"><\/div><\/div><div class=\"uncode_text_column\" ><p>At Bindingsv\u00e6rket we have 4 cosy, newly renovated rooms with access to a bright and delicious, newly renovated bathroom. The cozy courtyard invites you to a cold glass of ros\u00e9 or a hot cup of coffee, depending on the season. A few minutes&#039; drive away are Djurs Sommerland, Ree Park, Mols Bjerge and other wonderful sights and places to experience.<\/p>\n<\/div><span class=\"btn-container\" ><a role=\"button\"  href=\"tel:+4540608059\" class=\"custom-link btn border-width-0 btn-default btn-outline btn-no-scale btn-icon-left\" title=\"Call Restaurant Bindingsv\u00e6rket\">Call tel.: 4060 8059<\/a><\/span><\/div><\/div><\/div><\/div><\/div><div class=\"wpb_column pos-top pos-center align_left column_parent col-lg-2 single-internal-gutter\"><div class=\"uncol style-light\"  ><div class=\"uncoltable\"><div class=\"uncell no-block-padding\" ><div class=\"uncont\" ><\/div><\/div><\/div><\/div><\/div><script id=\"script-row-unique-0\" data-row=\"script-row-unique-0\" type=\"text\/javascript\" class=\"vc_controls\">UNCODE.initRow(document.getElementById(\"row-unique-0\"));<\/script><\/div><\/div><\/div><div data-parent=\"true\" class=\"vc_row row-container\" id=\"row-unique-1\"><div class=\"row limit-width row-parent\"><div class=\"wpb_row row-inner\"><div class=\"wpb_column pos-top pos-center align_left column_parent col-lg-12 single-internal-gutter\"><div class=\"uncol style-light animate_when_almost_visible alpha-anim\"  ><div class=\"uncoltable\"><div class=\"uncell no-block-padding\" ><div class=\"uncont\" ><div class=\"un-media-gallery owl-carousel-wrapper\">\n\t\t\n\t\n\t<div class=\"owl-carousel-container owl-carousel-loading no-gutter\" >\n\t\t\t\t\t\t\t\t\t<div id=\"gallery-112610\" class=\"owl-carousel owl-element owl-height-auto owl-dots-inside owl-dots-double-block-padding owl-dots-align-right\" data-loop=\"true\" data-dots=\"true\" data-navmobile=\"false\" data-navspeed=\"1000\" data-autoplay=\"true\" data-timeout=\"5000\" data-stagepadding=\"0\" data-lg=\"1\" data-md=\"1\" data-sm=\"1\">\n<div class=\"tmb tmb-carousel tmb-iso-h4 img-round img-round-lg tmb-light tmb-overlay-text-anim tmb-overlay-middle tmb-overlay-text-left tmb-id-594  tmb-img-ratio tmb-media-first tmb-media-last tmb-content-overlay tmb-no-bg\" ><div class=\"t-inside no-anim\" ><div class=\"t-entry-visual\"><div class=\"t-entry-visual-tc\"><div class=\"t-entry-visual-cont\"><div class=\"dummy\" style=\"padding-top: 56.3%;\"><\/div><a  class=\"inactive-link pushed\" data-lb-index=\"0\"><div class=\"t-entry-visual-overlay\"><div class=\"t-entry-visual-overlay-in style-dark-bg\" style=\"opacity: 0.01;\"><\/div><\/div><img decoding=\"async\" class=\"wp-image-594\" src=\"https:\/\/restaurantbindingsvaerket.dk\/wp-content\/uploads\/2023\/11\/IMG_7707-scaled-uai-1920x1080.jpg\" width=\"1920\" height=\"1080\" alt=\"\" \/><\/a><\/div>\n\t\t\t\t\t<\/div>\n\t\t\t\t<\/div><\/div><\/div><div class=\"tmb tmb-carousel tmb-iso-h4 img-round img-round-lg tmb-light tmb-overlay-text-anim tmb-overlay-middle tmb-overlay-text-left tmb-id-595  tmb-img-ratio tmb-media-first tmb-media-last tmb-content-overlay tmb-no-bg\" ><div class=\"t-inside no-anim\" ><div class=\"t-entry-visual\"><div class=\"t-entry-visual-tc\"><div class=\"t-entry-visual-cont\"><div class=\"dummy\" style=\"padding-top: 56.3%;\"><\/div><a  class=\"inactive-link pushed\" data-lb-index=\"1\"><div class=\"t-entry-visual-overlay\"><div class=\"t-entry-visual-overlay-in style-dark-bg\" style=\"opacity: 0.01;\"><\/div><\/div><img decoding=\"async\" class=\"wp-image-595\" src=\"https:\/\/restaurantbindingsvaerket.dk\/wp-content\/uploads\/2023\/11\/IMG_7678-scaled-uai-2560x1440.jpg\" width=\"2560\" height=\"1440\" alt=\"\" \/><\/a><\/div>\n\t\t\t\t\t<\/div>\n\t\t\t\t<\/div><\/div><\/div><div class=\"tmb tmb-carousel tmb-iso-h4 img-round img-round-lg tmb-light tmb-overlay-text-anim tmb-overlay-middle tmb-overlay-text-left tmb-id-597  tmb-img-ratio tmb-media-first tmb-media-last tmb-content-overlay tmb-no-bg\" ><div class=\"t-inside no-anim\" ><div class=\"t-entry-visual\"><div class=\"t-entry-visual-tc\"><div class=\"t-entry-visual-cont\"><div class=\"dummy\" style=\"padding-top: 56.3%;\"><\/div><a  class=\"inactive-link pushed\" data-lb-index=\"2\"><div class=\"t-entry-visual-overlay\"><div class=\"t-entry-visual-overlay-in style-dark-bg\" style=\"opacity: 0.01;\"><\/div><\/div><img decoding=\"async\" class=\"wp-image-597\" src=\"https:\/\/restaurantbindingsvaerket.dk\/wp-content\/uploads\/2023\/11\/IMG_7680-scaled-uai-1920x1080.jpg\" width=\"1920\" height=\"1080\" alt=\"\" \/><\/a><\/div>\n\t\t\t\t\t<\/div>\n\t\t\t\t<\/div><\/div><\/div><div class=\"tmb tmb-carousel tmb-iso-h4 img-round img-round-lg tmb-light tmb-overlay-text-anim tmb-overlay-middle tmb-overlay-text-left tmb-id-598  tmb-img-ratio tmb-media-first tmb-media-last tmb-content-overlay tmb-no-bg\" ><div class=\"t-inside no-anim\" ><div class=\"t-entry-visual\"><div class=\"t-entry-visual-tc\"><div class=\"t-entry-visual-cont\"><div class=\"dummy\" style=\"padding-top: 56.3%;\"><\/div><a  class=\"inactive-link pushed\" data-lb-index=\"3\"><div class=\"t-entry-visual-overlay\"><div class=\"t-entry-visual-overlay-in style-dark-bg\" style=\"opacity: 0.01;\"><\/div><\/div><img decoding=\"async\" class=\"wp-image-598\" src=\"https:\/\/restaurantbindingsvaerket.dk\/wp-content\/uploads\/2023\/11\/AIMG_7691-scaled-uai-1920x1080.jpg\" width=\"1920\" height=\"1080\" alt=\"\" \/><\/a><\/div>\n\t\t\t\t\t<\/div>\n\t\t\t\t<\/div><\/div><\/div>\t\t\t<\/div>\n\t\t\t\t\t<\/div>\n\n\t\n\t\n\t\n<\/div>\n\n<\/div><\/div><\/div><\/div><\/div><script id=\"script-row-unique-1\" data-row=\"script-row-unique-1\" type=\"text\/javascript\" class=\"vc_controls\">UNCODE.initRow(document.getElementById(\"row-unique-1\"));<\/script><\/div><\/div><\/div><div data-parent=\"true\" class=\"vc_row row-container\" id=\"row-unique-2\"><div class=\"row double-top-padding double-bottom-padding single-h-padding limit-width row-parent\"><div class=\"wpb_row row-inner\"><div class=\"wpb_column pos-top pos-center align_left column_parent col-lg-2 single-internal-gutter\"><div class=\"uncol style-light\"  ><div class=\"uncoltable\"><div class=\"uncell no-block-padding\" ><div class=\"uncont\" ><\/div><\/div><\/div><\/div><\/div><div class=\"wpb_column pos-top pos-center align_center column_parent col-lg-8 half-internal-gutter\"><div class=\"uncol style-light animate_when_almost_visible alpha-anim\"  ><div class=\"uncoltable\"><div class=\"uncell no-block-padding\" ><div class=\"uncont\" ><div class=\"vc_custom_heading_wrap\"><div class=\"heading-text el-text\" ><h2 class=\"h2\" ><span>Accommodation in connection with restaurant visits<\/span><\/h2><\/div><div class=\"clear\"><\/div><\/div><div class=\"uncode_text_column\" ><p>If you want a single night in connection with a restaurant visit, it is possible to book a double room for DKK 650.<\/p>\n<p>An additional breakfast can be purchased for DKK 125 per person. person.<br \/>\nSupplement for any dog in room DKK 250<\/p>\n<\/div><\/div><\/div><\/div><\/div><\/div><div class=\"wpb_column pos-top pos-center align_left column_parent col-lg-2 single-internal-gutter\"><div class=\"uncol style-light\"  ><div class=\"uncoltable\"><div class=\"uncell no-block-padding\" ><div class=\"uncont\" ><\/div><\/div><\/div><\/div><\/div><script id=\"script-row-unique-2\" data-row=\"script-row-unique-2\" type=\"text\/javascript\" class=\"vc_controls\">UNCODE.initRow(document.getElementById(\"row-unique-2\"));<\/script><\/div><\/div><\/div><div data-parent=\"true\" class=\"vc_row row-container\" id=\"row-unique-3\"><div class=\"row limit-width row-parent\" style=\"max-width:996px; margin-left:auto; margin-right:auto;\"><div class=\"wpb_row row-inner\"><div class=\"wpb_column pos-top pos-center align_left column_parent col-lg-6 one-internal-gutter\"><div class=\"uncol style-light\"  ><div class=\"uncoltable\"><div class=\"uncell no-block-padding\" ><div class=\"uncont\" ><div class=\"vc_custom_heading_wrap\"><div class=\"heading-text el-text\" ><h2 class=\"h2\" ><span>General room \u2013 DKK 550<\/span><\/h2><\/div><div class=\"clear\"><\/div><\/div><div class=\"uncode_text_column text-small\" ><p>Price per Sleepover<\/p>\n<\/div><\/div><\/div><\/div><\/div><\/div><div class=\"wpb_column pos-top pos-center align_left column_parent col-lg-6 single-internal-gutter\"><div class=\"uncol style-light\"  ><div class=\"uncoltable\"><div class=\"uncell no-block-padding\" ><div class=\"uncont\" ><div class=\"uncode_text_column\" ><p>Lovely double room with access to a shared balcony.<br \/>\nWireless Internet.<br \/>\nAll rooms are non-smoking.<\/p>\n<\/div><\/div><\/div><\/div><\/div><\/div><script id=\"script-row-unique-3\" data-row=\"script-row-unique-3\" type=\"text\/javascript\" class=\"vc_controls\">UNCODE.initRow(document.getElementById(\"row-unique-3\"));<\/script><\/div><\/div><\/div><div data-parent=\"true\" class=\"vc_row row-container\" id=\"row-unique-4\"><div class=\"row limit-width row-parent\" style=\"max-width:996px; margin-left:auto; margin-right:auto;\"><div class=\"wpb_row row-inner\"><div class=\"wpb_column pos-top pos-center align_left column_parent col-lg-6 one-internal-gutter\"><div class=\"uncol style-light\"  ><div class=\"uncoltable\"><div class=\"uncell no-block-padding\" ><div class=\"uncont\" ><div class=\"vc_custom_heading_wrap\"><div class=\"heading-text el-text\" ><h2 class=\"h2\" ><span>Larger room \u2013 DKK 650<\/span><\/h2><\/div><div class=\"clear\"><\/div><\/div><div class=\"uncode_text_column text-small\" ><p>Price per Sleepover<\/p>\n<\/div><\/div><\/div><\/div><\/div><\/div><div class=\"wpb_column pos-top pos-center align_left column_parent col-lg-6 single-internal-gutter\"><div class=\"uncol style-light\"  ><div class=\"uncoltable\"><div class=\"uncell no-block-padding\" ><div class=\"uncont\" ><div class=\"uncode_text_column\" ><p>Large nice double room.<br \/>\nPossibility of extra bed - supplement 250 DKK<br \/>\nWireless Internet.<br \/>\nAll rooms are non-smoking.<\/p>\n<\/div><\/div><\/div><\/div><\/div><\/div><script id=\"script-row-unique-4\" data-row=\"script-row-unique-4\" type=\"text\/javascript\" class=\"vc_controls\">UNCODE.initRow(document.getElementById(\"row-unique-4\"));<\/script><\/div><\/div><\/div><div data-parent=\"true\" class=\"vc_row row-container\" id=\"row-unique-5\"><div class=\"row limit-width row-parent\"><div class=\"wpb_row row-inner\"><div class=\"wpb_column pos-top pos-center align_center column_parent col-lg-12 single-internal-gutter\"><div class=\"uncol style-light\"  ><div class=\"uncoltable\"><div class=\"uncell\" ><div class=\"uncont no-block-padding col-custom-width\" style=\" max-width:996px;\" ><div class=\"uncode_text_column\" ><p><em>Check-in: from 4 p.m<\/em><br \/>\n<em>Check-out: no later than 12.00<\/em><\/p>\n<p><em>Room can be booked from Wednesday to Sunday inclusive.<\/em><\/p>\n<\/div><div class=\"empty-space empty-double\" ><span class=\"empty-space-inner\"><\/span><\/div>\n<\/div><\/div><\/div><\/div><\/div><script id=\"script-row-unique-5\" data-row=\"script-row-unique-5\" type=\"text\/javascript\" class=\"vc_controls\">UNCODE.initRow(document.getElementById(\"row-unique-5\"));<\/script><\/div><\/div><\/div>\n<\/div>","protected":false},"excerpt":{"rendered":"<p>Booking a stay or overnight stay in connection with restaurant visit.<br \/>\nCan only be booked via phone: 4060 8059<\/p>","protected":false},"author":1,"featured_media":598,"parent":0,"menu_order":0,"comment_status":"closed","ping_status":"closed","template":"","meta":{"footnotes":""},"class_list":["post-592","page","type-page","status-publish","has-post-thumbnail","hentry"],"yoast_head":"<!-- This site is optimized with the Yoast SEO plugin v27.5 - https:\/\/yoast.com\/product\/yoast-seo-wordpress\/ -->\n<title>Book v\u00e6relse | Restaurant Bindingsv\u00e6rket<\/title>\n<meta name=\"description\" content=\"P\u00e5 Bindingsv\u00e6rket har vi 4 hyggelige, nyistandsatte v\u00e6relser med adgang til et lyst og l\u00e6kkert, nyrenoveret badev\u00e6relse.\" \/>\n<meta name=\"robots\" content=\"index, follow, max-snippet:-1, max-image-preview:large, max-video-preview:-1\" \/>\n<link rel=\"canonical\" href=\"https:\/\/restaurantbindingsvaerket.dk\/en\/rooms\/\" \/>\n<meta property=\"og:locale\" content=\"en_GB\" \/>\n<meta property=\"og:type\" content=\"article\" \/>\n<meta property=\"og:title\" content=\"Book v\u00e6relse | Restaurant Bindingsv\u00e6rket\" \/>\n<meta property=\"og:description\" content=\"P\u00e5 Bindingsv\u00e6rket har vi 4 hyggelige, nyistandsatte v\u00e6relser med adgang til et lyst og l\u00e6kkert, nyrenoveret badev\u00e6relse.\" \/>\n<meta property=\"og:url\" content=\"https:\/\/restaurantbindingsvaerket.dk\/en\/rooms\/\" \/>\n<meta property=\"og:site_name\" content=\"Restaurant Bindingsv\u00e6rket\" \/>\n<meta property=\"article:modified_time\" content=\"2024-10-06T18:39:22+00:00\" \/>\n<meta property=\"og:image\" content=\"https:\/\/restaurantbindingsvaerket.dk\/wp-content\/uploads\/2023\/11\/AIMG_7691-scaled.jpg\" \/>\n\t<meta property=\"og:image:width\" content=\"1920\" \/>\n\t<meta property=\"og:image:height\" content=\"2560\" \/>\n\t<meta property=\"og:image:type\" content=\"image\/jpeg\" \/>\n<meta name=\"twitter:card\" content=\"summary_large_image\" \/>\n<meta name=\"twitter:label1\" content=\"Estimated reading time\" \/>\n\t<meta name=\"twitter:data1\" content=\"2 minutes\" \/>\n<script type=\"application\/ld+json\" class=\"yoast-schema-graph\">{\"@context\":\"https:\\\/\\\/schema.org\",\"@graph\":[{\"@type\":\"WebPage\",\"@id\":\"https:\\\/\\\/restaurantbindingsvaerket.dk\\\/vaerelser\\\/\",\"url\":\"https:\\\/\\\/restaurantbindingsvaerket.dk\\\/vaerelser\\\/\",\"name\":\"Book v\u00e6relse | Restaurant Bindingsv\u00e6rket\",\"isPartOf\":{\"@id\":\"https:\\\/\\\/restaurantbindingsvaerket.dk\\\/#website\"},\"primaryImageOfPage\":{\"@id\":\"https:\\\/\\\/restaurantbindingsvaerket.dk\\\/vaerelser\\\/#primaryimage\"},\"image\":{\"@id\":\"https:\\\/\\\/restaurantbindingsvaerket.dk\\\/vaerelser\\\/#primaryimage\"},\"thumbnailUrl\":\"https:\\\/\\\/restaurantbindingsvaerket.dk\\\/wp-content\\\/uploads\\\/2023\\\/11\\\/AIMG_7691-scaled.jpg\",\"datePublished\":\"2023-11-06T14:02:12+00:00\",\"dateModified\":\"2024-10-06T18:39:22+00:00\",\"description\":\"P\u00e5 Bindingsv\u00e6rket har vi 4 hyggelige, nyistandsatte v\u00e6relser med adgang til et lyst og l\u00e6kkert, nyrenoveret badev\u00e6relse.\",\"breadcrumb\":{\"@id\":\"https:\\\/\\\/restaurantbindingsvaerket.dk\\\/vaerelser\\\/#breadcrumb\"},\"inLanguage\":\"en-GB\",\"potentialAction\":[{\"@type\":\"ReadAction\",\"target\":[\"https:\\\/\\\/restaurantbindingsvaerket.dk\\\/vaerelser\\\/\"]}]},{\"@type\":\"ImageObject\",\"inLanguage\":\"en-GB\",\"@id\":\"https:\\\/\\\/restaurantbindingsvaerket.dk\\\/vaerelser\\\/#primaryimage\",\"url\":\"https:\\\/\\\/restaurantbindingsvaerket.dk\\\/wp-content\\\/uploads\\\/2023\\\/11\\\/AIMG_7691-scaled.jpg\",\"contentUrl\":\"https:\\\/\\\/restaurantbindingsvaerket.dk\\\/wp-content\\\/uploads\\\/2023\\\/11\\\/AIMG_7691-scaled.jpg\",\"width\":1920,\"height\":2560},{\"@type\":\"BreadcrumbList\",\"@id\":\"https:\\\/\\\/restaurantbindingsvaerket.dk\\\/vaerelser\\\/#breadcrumb\",\"itemListElement\":[{\"@type\":\"ListItem\",\"position\":1,\"name\":\"Hjem\",\"item\":\"https:\\\/\\\/restaurantbindingsvaerket.dk\\\/\"},{\"@type\":\"ListItem\",\"position\":2,\"name\":\"V\u00e6relser\"}]},{\"@type\":\"WebSite\",\"@id\":\"https:\\\/\\\/restaurantbindingsvaerket.dk\\\/#website\",\"url\":\"https:\\\/\\\/restaurantbindingsvaerket.dk\\\/\",\"name\":\"Restaurant Bindingsv\u00e6rket\",\"description\":\"Oplev gastronomi i Drammelstrup\",\"publisher\":{\"@id\":\"https:\\\/\\\/restaurantbindingsvaerket.dk\\\/#organization\"},\"potentialAction\":[{\"@type\":\"SearchAction\",\"target\":{\"@type\":\"EntryPoint\",\"urlTemplate\":\"https:\\\/\\\/restaurantbindingsvaerket.dk\\\/?s={search_term_string}\"},\"query-input\":{\"@type\":\"PropertyValueSpecification\",\"valueRequired\":true,\"valueName\":\"search_term_string\"}}],\"inLanguage\":\"en-GB\"},{\"@type\":\"Organization\",\"@id\":\"https:\\\/\\\/restaurantbindingsvaerket.dk\\\/#organization\",\"name\":\"Restaurant Bindingsv\u00e6rket\",\"alternateName\":\"Oplev gastronomi i Drammelstrup\",\"url\":\"https:\\\/\\\/restaurantbindingsvaerket.dk\\\/\",\"logo\":{\"@type\":\"ImageObject\",\"inLanguage\":\"en-GB\",\"@id\":\"https:\\\/\\\/restaurantbindingsvaerket.dk\\\/#\\\/schema\\\/logo\\\/image\\\/\",\"url\":\"https:\\\/\\\/restaurantbindingsvaerket.dk\\\/wp-content\\\/uploads\\\/2023\\\/11\\\/fav.png\",\"contentUrl\":\"https:\\\/\\\/restaurantbindingsvaerket.dk\\\/wp-content\\\/uploads\\\/2023\\\/11\\\/fav.png\",\"width\":214,\"height\":214,\"caption\":\"Restaurant Bindingsv\u00e6rket\"},\"image\":{\"@id\":\"https:\\\/\\\/restaurantbindingsvaerket.dk\\\/#\\\/schema\\\/logo\\\/image\\\/\"},\"sameAs\":[\"https:\\\/\\\/www.instagram.com\\\/restaurant_bindingsvaerket\\\/\"]}]}<\/script>\n<!-- \/ Yoast SEO plugin. -->","yoast_head_json":{"title":"Book room | Restaurant Bindingsv\u00e6rket","description":"At Bindingsv\u00e6rket we have 4 cosy, newly renovated rooms with access to a bright and delicious, newly renovated bathroom.","robots":{"index":"index","follow":"follow","max-snippet":"max-snippet:-1","max-image-preview":"max-image-preview:large","max-video-preview":"max-video-preview:-1"},"canonical":"https:\/\/restaurantbindingsvaerket.dk\/en\/rooms\/","og_locale":"en_GB","og_type":"article","og_title":"Book v\u00e6relse | Restaurant Bindingsv\u00e6rket","og_description":"P\u00e5 Bindingsv\u00e6rket har vi 4 hyggelige, nyistandsatte v\u00e6relser med adgang til et lyst og l\u00e6kkert, nyrenoveret badev\u00e6relse.","og_url":"https:\/\/restaurantbindingsvaerket.dk\/en\/rooms\/","og_site_name":"Restaurant Bindingsv\u00e6rket","article_modified_time":"2024-10-06T18:39:22+00:00","og_image":[{"width":1920,"height":2560,"url":"https:\/\/restaurantbindingsvaerket.dk\/wp-content\/uploads\/2023\/11\/AIMG_7691-scaled.jpg","type":"image\/jpeg"}],"twitter_card":"summary_large_image","twitter_misc":{"Estimated reading time":"2 minutes"},"schema":{"@context":"https:\/\/schema.org","@graph":[{"@type":"WebPage","@id":"https:\/\/restaurantbindingsvaerket.dk\/vaerelser\/","url":"https:\/\/restaurantbindingsvaerket.dk\/vaerelser\/","name":"Book room | Restaurant Bindingsv\u00e6rket","isPartOf":{"@id":"https:\/\/restaurantbindingsvaerket.dk\/#website"},"primaryImageOfPage":{"@id":"https:\/\/restaurantbindingsvaerket.dk\/vaerelser\/#primaryimage"},"image":{"@id":"https:\/\/restaurantbindingsvaerket.dk\/vaerelser\/#primaryimage"},"thumbnailUrl":"https:\/\/restaurantbindingsvaerket.dk\/wp-content\/uploads\/2023\/11\/AIMG_7691-scaled.jpg","datePublished":"2023-11-06T14:02:12+00:00","dateModified":"2024-10-06T18:39:22+00:00","description":"At Bindingsv\u00e6rket we have 4 cosy, newly renovated rooms with access to a bright and delicious, newly renovated bathroom.","breadcrumb":{"@id":"https:\/\/restaurantbindingsvaerket.dk\/vaerelser\/#breadcrumb"},"inLanguage":"en-GB","potentialAction":[{"@type":"ReadAction","target":["https:\/\/restaurantbindingsvaerket.dk\/vaerelser\/"]}]},{"@type":"ImageObject","inLanguage":"en-GB","@id":"https:\/\/restaurantbindingsvaerket.dk\/vaerelser\/#primaryimage","url":"https:\/\/restaurantbindingsvaerket.dk\/wp-content\/uploads\/2023\/11\/AIMG_7691-scaled.jpg","contentUrl":"https:\/\/restaurantbindingsvaerket.dk\/wp-content\/uploads\/2023\/11\/AIMG_7691-scaled.jpg","width":1920,"height":2560},{"@type":"BreadcrumbList","@id":"https:\/\/restaurantbindingsvaerket.dk\/vaerelser\/#breadcrumb","itemListElement":[{"@type":"ListItem","position":1,"name":"Hjem","item":"https:\/\/restaurantbindingsvaerket.dk\/"},{"@type":"ListItem","position":2,"name":"V\u00e6relser"}]},{"@type":"WebSite","@id":"https:\/\/restaurantbindingsvaerket.dk\/#website","url":"https:\/\/restaurantbindingsvaerket.dk\/","name":"Restaurant Bindingsv\u00e6rket","description":"Experience gastronomy in Drammelstrup","publisher":{"@id":"https:\/\/restaurantbindingsvaerket.dk\/#organization"},"potentialAction":[{"@type":"SearchAction","target":{"@type":"EntryPoint","urlTemplate":"https:\/\/restaurantbindingsvaerket.dk\/?s={search_term_string}"},"query-input":{"@type":"PropertyValueSpecification","valueRequired":true,"valueName":"search_term_string"}}],"inLanguage":"en-GB"},{"@type":"Organization","@id":"https:\/\/restaurantbindingsvaerket.dk\/#organization","name":"Restaurant Bindingsv\u00e6rket","alternateName":"Oplev gastronomi i Drammelstrup","url":"https:\/\/restaurantbindingsvaerket.dk\/","logo":{"@type":"ImageObject","inLanguage":"en-GB","@id":"https:\/\/restaurantbindingsvaerket.dk\/#\/schema\/logo\/image\/","url":"https:\/\/restaurantbindingsvaerket.dk\/wp-content\/uploads\/2023\/11\/fav.png","contentUrl":"https:\/\/restaurantbindingsvaerket.dk\/wp-content\/uploads\/2023\/11\/fav.png","width":214,"height":214,"caption":"Restaurant Bindingsv\u00e6rket"},"image":{"@id":"https:\/\/restaurantbindingsvaerket.dk\/#\/schema\/logo\/image\/"},"sameAs":["https:\/\/www.instagram.com\/restaurant_bindingsvaerket\/"]}]}},"_links":{"self":[{"href":"https:\/\/restaurantbindingsvaerket.dk\/en\/wp-json\/wp\/v2\/pages\/592","targetHints":{"allow":["GET"]}}],"collection":[{"href":"https:\/\/restaurantbindingsvaerket.dk\/en\/wp-json\/wp\/v2\/pages"}],"about":[{"href":"https:\/\/restaurantbindingsvaerket.dk\/en\/wp-json\/wp\/v2\/types\/page"}],"author":[{"embeddable":true,"href":"https:\/\/restaurantbindingsvaerket.dk\/en\/wp-json\/wp\/v2\/users\/1"}],"replies":[{"embeddable":true,"href":"https:\/\/restaurantbindingsvaerket.dk\/en\/wp-json\/wp\/v2\/comments?post=592"}],"version-history":[{"count":19,"href":"https:\/\/restaurantbindingsvaerket.dk\/en\/wp-json\/wp\/v2\/pages\/592\/revisions"}],"predecessor-version":[{"id":1178,"href":"https:\/\/restaurantbindingsvaerket.dk\/en\/wp-json\/wp\/v2\/pages\/592\/revisions\/1178"}],"wp:featuredmedia":[{"embeddable":true,"href":"https:\/\/restaurantbindingsvaerket.dk\/en\/wp-json\/wp\/v2\/media\/598"}],"wp:attachment":[{"href":"https:\/\/restaurantbindingsvaerket.dk\/en\/wp-json\/wp\/v2\/media?parent=592"}],"curies":[{"name":"wp","href":"https:\/\/api.w.org\/{rel}","templated":true}]}}