{"id":627,"date":"2023-11-06T17:16:00","date_gmt":"2023-11-06T16:16:00","guid":{"rendered":"https:\/\/restaurantbindingsvaerket.sky144.dk\/?page_id=627"},"modified":"2025-09-22T07:52:21","modified_gmt":"2025-09-22T05:52:21","slug":"contact","status":"publish","type":"page","link":"https:\/\/restaurantbindingsvaerket.dk\/en\/kontakt\/","title":{"rendered":"Contact"},"content":{"rendered":"<div class=\"wpb-content-wrapper\"><div data-parent=\"true\" class=\"vc_row row-container\" id=\"row-unique-0\"><div class=\"row triple-top-padding double-bottom-padding single-h-padding limit-width row-parent\"><div class=\"wpb_row row-inner\"><div class=\"wpb_column pos-top pos-center align_left column_parent col-lg-6 half-internal-gutter\"><div class=\"uncol style-light animate_when_almost_visible alpha-anim\"  ><div class=\"uncoltable\"><div class=\"uncell no-block-padding\" ><div class=\"uncont\" ><div class=\"vc_custom_heading_wrap\"><div class=\"heading-text el-text\" ><h2 class=\"h2\" ><span>Call or write to us<\/span><\/h2><\/div><div class=\"clear\"><\/div><\/div><div class=\"uncode_text_column\" ><p>Restaurant Bindingsv\u00e6rket<br \/>\nEnggyden 2, Drammelstrup<br \/>\n8400 Ebeltoft<\/p>\n<p>We are open Thursday \u2013 Saturday from 6:00 PM.<\/p>\n<p>(Sunday: contact us for the possibility of holding parties)<\/p>\n<\/div><\/div><\/div><\/div><\/div><\/div><div class=\"wpb_column pos-top pos-center align_left column_parent col-lg-6 half-internal-gutter\"><div class=\"uncol style-light\"  ><div class=\"uncoltable\"><div class=\"uncell no-block-padding\" ><div class=\"uncont\" ><div class=\"vc_custom_heading_wrap\"><div class=\"heading-text el-text\" ><h2 class=\"h2\" ><span>Book a table<\/span><\/h2><\/div><div class=\"clear\"><\/div><\/div><div class=\"uncode_text_column\" ><p>You can book a table <a href=\"https:\/\/restaurantbindingsvaerket.superbexperience.com\/\" target=\"_blank\" rel=\"noopener\">here<\/a> or by clicking the button below. Please note that booking a stay or overnight stay in connection with restaurant visits can ONLY be made by telephone, as is also the case for reservations of 7+ people.<\/p>\n<p>If you would like to get in touch with us before then, you can find our email address and telephone number on this page.<\/p>\n<\/div><span class=\"btn-container\" ><a role=\"button\"  href=\"https:\/\/book.dinnerbooking.com\/dk\/da-DK\/book\/table\/pax\/4129\/1\" class=\"custom-link btn border-width-0 btn-default btn-outline btn-no-scale btn-icon-left\" title=\"Book a table at Restaurant Bindingsv\u00e6rket\" target=\"_blank\">Book a table<\/a><\/span><\/div><\/div><\/div><\/div><\/div><script id=\"script-row-unique-0\" data-row=\"script-row-unique-0\" type=\"text\/javascript\" class=\"vc_controls\">UNCODE.initRow(document.getElementById(\"row-unique-0\"));<\/script><\/div><\/div><\/div><div data-parent=\"true\" class=\"vc_row row-container\" id=\"row-unique-1\"><div class=\"row limit-width row-parent\"><div class=\"wpb_row row-inner\"><div class=\"wpb_column pos-top pos-center align_left column_parent col-lg-3 single-internal-gutter\"><div class=\"uncol style-light\"  ><div class=\"uncoltable\"><div class=\"uncell no-block-padding\" ><div class=\"uncont\" ><div class=\"uncode-single-media  text-center\"><div class=\"single-wrapper\" style=\"max-width: 120px;\"><div class=\"tmb tmb-light  img-round img-round-lg tmb-img-ratio tmb-media-first tmb-media-last tmb-content-overlay tmb-no-bg\"><div class=\"t-inside\"><div class=\"t-entry-visual\"><div class=\"t-entry-visual-tc\"><div class=\"uncode-single-media-wrapper img-round img-round-lg\"><div class=\"dummy\" style=\"padding-top: 100%;\"><\/div><img decoding=\"async\" class=\"wp-image-692\" src=\"https:\/\/restaurantbindingsvaerket.dk\/wp-content\/uploads\/2023\/11\/celina.jpg\" width=\"240\" height=\"240\" alt=\"\" srcset=\"https:\/\/restaurantbindingsvaerket.dk\/wp-content\/uploads\/2023\/11\/celina.jpg 240w, https:\/\/restaurantbindingsvaerket.dk\/wp-content\/uploads\/2023\/11\/celina-150x150.jpg 150w, https:\/\/restaurantbindingsvaerket.dk\/wp-content\/uploads\/2023\/11\/celina-12x12.jpg 12w\" sizes=\"(max-width: 240px) 100vw, 240px\" \/><\/div>\n\t\t\t\t\t<\/div>\n\t\t\t\t<\/div><\/div><\/div><\/div><\/div><div class=\"uncode_text_column remove_less_margin\" ><\/p>\n<p style=\"text-align: center;\"><strong>Celina<\/strong><br \/>\nRunner<\/p>\n<\/div><\/div><\/div><\/div><\/div><\/div><div class=\"wpb_column pos-top pos-center align_left column_parent col-lg-3 col-md-25 col-sm-50 single-internal-gutter\"><div class=\"uncol style-light\"  ><div class=\"uncoltable\"><div class=\"uncell no-block-padding\" ><div class=\"uncont\" ><div class=\"uncode-single-media  text-center\"><div class=\"single-wrapper\" style=\"max-width: 120px;\"><div class=\"tmb tmb-light  img-round img-round-lg tmb-img-ratio tmb-media-first tmb-media-last tmb-content-overlay tmb-no-bg\"><div class=\"t-inside\"><div class=\"t-entry-visual\"><div class=\"t-entry-visual-tc\"><div class=\"uncode-single-media-wrapper img-round img-round-lg\"><div class=\"dummy\" style=\"padding-top: 100%;\"><\/div><img decoding=\"async\" class=\"wp-image-693\" src=\"https:\/\/restaurantbindingsvaerket.dk\/wp-content\/uploads\/2023\/11\/louise.jpg\" width=\"240\" height=\"240\" alt=\"\" srcset=\"https:\/\/restaurantbindingsvaerket.dk\/wp-content\/uploads\/2023\/11\/louise.jpg 240w, https:\/\/restaurantbindingsvaerket.dk\/wp-content\/uploads\/2023\/11\/louise-150x150.jpg 150w, https:\/\/restaurantbindingsvaerket.dk\/wp-content\/uploads\/2023\/11\/louise-12x12.jpg 12w\" sizes=\"(max-width: 240px) 100vw, 240px\" \/><\/div>\n\t\t\t\t\t<\/div>\n\t\t\t\t<\/div><\/div><\/div><\/div><\/div><div class=\"uncode_text_column remove_less_margin\" ><\/p>\n<p style=\"text-align: center;\"><strong>Louise<\/strong><br \/>\nDecorator<\/p>\n<\/div><\/div><\/div><\/div><\/div><\/div><div class=\"wpb_column pos-top pos-center align_left column_parent col-lg-3 col-md-25 col-sm-50 single-internal-gutter\"><div class=\"uncol style-light\"  ><div class=\"uncoltable\"><div class=\"uncell no-block-padding\" ><div class=\"uncont\" ><div class=\"uncode-single-media  text-center\"><div class=\"single-wrapper\" style=\"max-width: 120px;\"><div class=\"tmb tmb-light  img-round img-round-lg tmb-img-ratio tmb-media-first tmb-media-last tmb-content-overlay tmb-no-bg\"><div class=\"t-inside\"><div class=\"t-entry-visual\"><div class=\"t-entry-visual-tc\"><div class=\"uncode-single-media-wrapper img-round img-round-lg\"><div class=\"dummy\" style=\"padding-top: 100%;\"><\/div><img decoding=\"async\" class=\"wp-image-694\" src=\"https:\/\/restaurantbindingsvaerket.dk\/wp-content\/uploads\/2023\/11\/mikkel.jpg\" width=\"240\" height=\"240\" alt=\"\" srcset=\"https:\/\/restaurantbindingsvaerket.dk\/wp-content\/uploads\/2023\/11\/mikkel.jpg 240w, https:\/\/restaurantbindingsvaerket.dk\/wp-content\/uploads\/2023\/11\/mikkel-150x150.jpg 150w, https:\/\/restaurantbindingsvaerket.dk\/wp-content\/uploads\/2023\/11\/mikkel-12x12.jpg 12w\" sizes=\"(max-width: 240px) 100vw, 240px\" \/><\/div>\n\t\t\t\t\t<\/div>\n\t\t\t\t<\/div><\/div><\/div><\/div><\/div><div class=\"uncode_text_column remove_less_margin\" ><\/p>\n<p style=\"text-align: center;\"><strong>Michael<\/strong><br \/>\nOwner and head chef<\/p>\n<\/div><\/div><\/div><\/div><\/div><\/div><div class=\"wpb_column pos-top pos-center align_left column_parent col-lg-3 col-md-25 col-sm-50 col-sm-clear single-internal-gutter\"><div class=\"uncol style-light\"  ><div class=\"uncoltable\"><div class=\"uncell no-block-padding\" ><div class=\"uncont\" ><div class=\"uncode-single-media  text-center\"><div class=\"single-wrapper\" style=\"max-width: 120px;\"><div class=\"tmb tmb-light  img-round img-round-lg tmb-img-ratio tmb-media-first tmb-media-last tmb-content-overlay tmb-no-bg\"><div class=\"t-inside\"><div class=\"t-entry-visual\"><div class=\"t-entry-visual-tc\"><div class=\"uncode-single-media-wrapper img-round img-round-lg\"><div class=\"dummy\" style=\"padding-top: 100%;\"><\/div><img decoding=\"async\" class=\"wp-image-695\" src=\"https:\/\/restaurantbindingsvaerket.dk\/wp-content\/uploads\/2023\/11\/karen.jpg\" width=\"240\" height=\"240\" alt=\"\" srcset=\"https:\/\/restaurantbindingsvaerket.dk\/wp-content\/uploads\/2023\/11\/karen.jpg 240w, https:\/\/restaurantbindingsvaerket.dk\/wp-content\/uploads\/2023\/11\/karen-150x150.jpg 150w, https:\/\/restaurantbindingsvaerket.dk\/wp-content\/uploads\/2023\/11\/karen-12x12.jpg 12w\" sizes=\"(max-width: 240px) 100vw, 240px\" \/><\/div>\n\t\t\t\t\t<\/div>\n\t\t\t\t<\/div><\/div><\/div><\/div><\/div><div class=\"uncode_text_column remove_less_margin\" ><\/p>\n<p style=\"text-align: center;\"><strong>Karen<\/strong><br \/>\nOwner, director and administration<\/p>\n<\/div><\/div><\/div><\/div><\/div><\/div><script id=\"script-row-unique-1\" data-row=\"script-row-unique-1\" type=\"text\/javascript\" class=\"vc_controls\">UNCODE.initRow(document.getElementById(\"row-unique-1\"));<\/script><\/div><\/div><\/div><div data-parent=\"true\" class=\"vc_row row-container\" id=\"row-unique-2\"><div class=\"row single-top-padding double-bottom-padding single-h-padding limit-width row-parent\"><div class=\"wpb_row row-inner\"><div class=\"wpb_column pos-top pos-center align_center column_parent col-lg-12 half-internal-gutter\"><div class=\"uncol style-light\"  ><div class=\"uncoltable\"><div class=\"uncell no-block-padding\" ><div class=\"uncont\" ><div class=\"vc_custom_heading_wrap\"><div class=\"heading-text el-text\" ><h2 class=\"h2\" ><span>We look forward to welcoming you inside<br \/><\/span><span>Restaurant Bindingsv\u00e6rket<\/span><\/h2><\/div><div class=\"clear\"><\/div><\/div><span class=\"btn-container\" ><a role=\"button\"  href=\"https:\/\/www.google.dk\/maps\/place\/Restaurant+Bindingsv%C3%A6rket\/@56.32051,10.6995881,17z\/data=!4m6!3m5!1s0x464c2d7521ebf82b:0x6e1ab59f550992d!8m2!3d56.32051!4d10.702163!16s%2Fg%2F11nnzdg7k6?entry=ttu\" class=\"custom-link btn border-width-0 btn-default btn-outline btn-no-scale btn-icon-left\" title=\"Find your way to Restaurant Bindingsv\u00e6rket\" target=\"_blank\">Get directions<\/a><\/span><\/div><\/div><\/div><\/div><\/div><script id=\"script-row-unique-2\" data-row=\"script-row-unique-2\" type=\"text\/javascript\" class=\"vc_controls\">UNCODE.initRow(document.getElementById(\"row-unique-2\"));<\/script><\/div><\/div><\/div><div data-parent=\"true\" class=\"vc_row row-container\" id=\"row-unique-3\"><div class=\"row limit-width row-parent\"><div class=\"wpb_row row-inner\"><div class=\"wpb_column pos-top pos-center align_left column_parent col-lg-12 single-internal-gutter\"><div class=\"uncol style-light\"  ><div class=\"uncoltable\"><div class=\"uncell no-block-padding\" ><div class=\"uncont\" ><div class=\"uncode-gmaps-widget\" >\n\t\t<div class=\"uncode-wrapper\">\n\t\t<div id=\"gmapqhvxoi\" class=\"uncode-map-wrapper\" data-draggable=\"true\" data-zoom=\"12\" data-color=\"accent\" data-lat=\"56.32051\" data-lon=\"10.6995881\" data-saturation=\"-20\" data-brightness=\"5\" style=\"height: 400px\">\n\t\t<\/div>\n\t\t\t\t\t<\/div>\n\t<\/div>\n<\/div><\/div><\/div><\/div><\/div><script id=\"script-row-unique-3\" data-row=\"script-row-unique-3\" type=\"text\/javascript\" class=\"vc_controls\">UNCODE.initRow(document.getElementById(\"row-unique-3\"));<\/script><\/div><\/div><\/div>\n<\/div>","protected":false},"excerpt":{"rendered":"<p>Our menu is varied and follows the seasons.<\/p>","protected":false},"author":1,"featured_media":628,"parent":0,"menu_order":0,"comment_status":"closed","ping_status":"closed","template":"","meta":{"footnotes":""},"class_list":["post-627","page","type-page","status-publish","has-post-thumbnail","hentry"],"yoast_head":"<!-- This site is optimized with the Yoast SEO plugin v27.5 - https:\/\/yoast.com\/product\/yoast-seo-wordpress\/ -->\n<title>Kontakt | Restaurant Bindingsv\u00e6rket<\/title>\n<meta name=\"description\" content=\"\u00d8nsker du at komme i kontakt med os? Find vores kontaktinformationer her p\u00e5 siden, hvor du ogs\u00e5 kan bestille bord. Vi gl\u00e6der os til at h\u00f8re fra dig.\" \/>\n<meta name=\"robots\" content=\"index, follow, max-snippet:-1, max-image-preview:large, max-video-preview:-1\" \/>\n<link rel=\"canonical\" href=\"https:\/\/restaurantbindingsvaerket.dk\/en\/contact\/\" \/>\n<meta property=\"og:locale\" content=\"en_GB\" \/>\n<meta property=\"og:type\" content=\"article\" \/>\n<meta property=\"og:title\" content=\"Kontakt | Restaurant Bindingsv\u00e6rket\" \/>\n<meta property=\"og:description\" content=\"\u00d8nsker du at komme i kontakt med os? Find vores kontaktinformationer her p\u00e5 siden, hvor du ogs\u00e5 kan bestille bord. Vi gl\u00e6der os til at h\u00f8re fra dig.\" \/>\n<meta property=\"og:url\" content=\"https:\/\/restaurantbindingsvaerket.dk\/en\/contact\/\" \/>\n<meta property=\"og:site_name\" content=\"Restaurant Bindingsv\u00e6rket\" \/>\n<meta property=\"article:modified_time\" content=\"2025-09-22T05:52:21+00:00\" \/>\n<meta property=\"og:image\" content=\"https:\/\/restaurantbindingsvaerket.dk\/wp-content\/uploads\/2023\/11\/AIMG_7599-scaled.jpg\" \/>\n\t<meta property=\"og:image:width\" content=\"2560\" \/>\n\t<meta property=\"og:image:height\" content=\"1920\" \/>\n\t<meta property=\"og:image:type\" content=\"image\/jpeg\" \/>\n<meta name=\"twitter:card\" content=\"summary_large_image\" \/>\n<meta name=\"twitter:label1\" content=\"Estimated reading time\" \/>\n\t<meta name=\"twitter:data1\" content=\"2 minutes\" \/>\n<script type=\"application\/ld+json\" class=\"yoast-schema-graph\">{\"@context\":\"https:\\\/\\\/schema.org\",\"@graph\":[{\"@type\":\"WebPage\",\"@id\":\"https:\\\/\\\/restaurantbindingsvaerket.dk\\\/kontakt\\\/\",\"url\":\"https:\\\/\\\/restaurantbindingsvaerket.dk\\\/kontakt\\\/\",\"name\":\"Kontakt | Restaurant Bindingsv\u00e6rket\",\"isPartOf\":{\"@id\":\"https:\\\/\\\/restaurantbindingsvaerket.dk\\\/#website\"},\"primaryImageOfPage\":{\"@id\":\"https:\\\/\\\/restaurantbindingsvaerket.dk\\\/kontakt\\\/#primaryimage\"},\"image\":{\"@id\":\"https:\\\/\\\/restaurantbindingsvaerket.dk\\\/kontakt\\\/#primaryimage\"},\"thumbnailUrl\":\"https:\\\/\\\/restaurantbindingsvaerket.dk\\\/wp-content\\\/uploads\\\/2023\\\/11\\\/AIMG_7599-scaled.jpg\",\"datePublished\":\"2023-11-06T16:16:00+00:00\",\"dateModified\":\"2025-09-22T05:52:21+00:00\",\"description\":\"\u00d8nsker du at komme i kontakt med os? Find vores kontaktinformationer her p\u00e5 siden, hvor du ogs\u00e5 kan bestille bord. Vi gl\u00e6der os til at h\u00f8re fra dig.\",\"breadcrumb\":{\"@id\":\"https:\\\/\\\/restaurantbindingsvaerket.dk\\\/kontakt\\\/#breadcrumb\"},\"inLanguage\":\"en-GB\",\"potentialAction\":[{\"@type\":\"ReadAction\",\"target\":[\"https:\\\/\\\/restaurantbindingsvaerket.dk\\\/kontakt\\\/\"]}]},{\"@type\":\"ImageObject\",\"inLanguage\":\"en-GB\",\"@id\":\"https:\\\/\\\/restaurantbindingsvaerket.dk\\\/kontakt\\\/#primaryimage\",\"url\":\"https:\\\/\\\/restaurantbindingsvaerket.dk\\\/wp-content\\\/uploads\\\/2023\\\/11\\\/AIMG_7599-scaled.jpg\",\"contentUrl\":\"https:\\\/\\\/restaurantbindingsvaerket.dk\\\/wp-content\\\/uploads\\\/2023\\\/11\\\/AIMG_7599-scaled.jpg\",\"width\":2560,\"height\":1920},{\"@type\":\"BreadcrumbList\",\"@id\":\"https:\\\/\\\/restaurantbindingsvaerket.dk\\\/kontakt\\\/#breadcrumb\",\"itemListElement\":[{\"@type\":\"ListItem\",\"position\":1,\"name\":\"Hjem\",\"item\":\"https:\\\/\\\/restaurantbindingsvaerket.dk\\\/\"},{\"@type\":\"ListItem\",\"position\":2,\"name\":\"Kontakt\"}]},{\"@type\":\"WebSite\",\"@id\":\"https:\\\/\\\/restaurantbindingsvaerket.dk\\\/#website\",\"url\":\"https:\\\/\\\/restaurantbindingsvaerket.dk\\\/\",\"name\":\"Restaurant Bindingsv\u00e6rket\",\"description\":\"Oplev gastronomi i Drammelstrup\",\"publisher\":{\"@id\":\"https:\\\/\\\/restaurantbindingsvaerket.dk\\\/#organization\"},\"potentialAction\":[{\"@type\":\"SearchAction\",\"target\":{\"@type\":\"EntryPoint\",\"urlTemplate\":\"https:\\\/\\\/restaurantbindingsvaerket.dk\\\/?s={search_term_string}\"},\"query-input\":{\"@type\":\"PropertyValueSpecification\",\"valueRequired\":true,\"valueName\":\"search_term_string\"}}],\"inLanguage\":\"en-GB\"},{\"@type\":\"Organization\",\"@id\":\"https:\\\/\\\/restaurantbindingsvaerket.dk\\\/#organization\",\"name\":\"Restaurant Bindingsv\u00e6rket\",\"alternateName\":\"Oplev gastronomi i Drammelstrup\",\"url\":\"https:\\\/\\\/restaurantbindingsvaerket.dk\\\/\",\"logo\":{\"@type\":\"ImageObject\",\"inLanguage\":\"en-GB\",\"@id\":\"https:\\\/\\\/restaurantbindingsvaerket.dk\\\/#\\\/schema\\\/logo\\\/image\\\/\",\"url\":\"https:\\\/\\\/restaurantbindingsvaerket.dk\\\/wp-content\\\/uploads\\\/2023\\\/11\\\/fav.png\",\"contentUrl\":\"https:\\\/\\\/restaurantbindingsvaerket.dk\\\/wp-content\\\/uploads\\\/2023\\\/11\\\/fav.png\",\"width\":214,\"height\":214,\"caption\":\"Restaurant Bindingsv\u00e6rket\"},\"image\":{\"@id\":\"https:\\\/\\\/restaurantbindingsvaerket.dk\\\/#\\\/schema\\\/logo\\\/image\\\/\"},\"sameAs\":[\"https:\\\/\\\/www.instagram.com\\\/restaurant_bindingsvaerket\\\/\"]}]}<\/script>\n<!-- \/ Yoast SEO plugin. -->","yoast_head_json":{"title":"Contact | Restaurant Bindingsv\u00e6rket","description":"Do you want to get in touch with us? Find our contact information on this page, where you can also book a table. We are looking forward to hear from you.","robots":{"index":"index","follow":"follow","max-snippet":"max-snippet:-1","max-image-preview":"max-image-preview:large","max-video-preview":"max-video-preview:-1"},"canonical":"https:\/\/restaurantbindingsvaerket.dk\/en\/contact\/","og_locale":"en_GB","og_type":"article","og_title":"Kontakt | Restaurant Bindingsv\u00e6rket","og_description":"\u00d8nsker du at komme i kontakt med os? Find vores kontaktinformationer her p\u00e5 siden, hvor du ogs\u00e5 kan bestille bord. Vi gl\u00e6der os til at h\u00f8re fra dig.","og_url":"https:\/\/restaurantbindingsvaerket.dk\/en\/contact\/","og_site_name":"Restaurant Bindingsv\u00e6rket","article_modified_time":"2025-09-22T05:52:21+00:00","og_image":[{"width":2560,"height":1920,"url":"https:\/\/restaurantbindingsvaerket.dk\/wp-content\/uploads\/2023\/11\/AIMG_7599-scaled.jpg","type":"image\/jpeg"}],"twitter_card":"summary_large_image","twitter_misc":{"Estimated reading time":"2 minutes"},"schema":{"@context":"https:\/\/schema.org","@graph":[{"@type":"WebPage","@id":"https:\/\/restaurantbindingsvaerket.dk\/kontakt\/","url":"https:\/\/restaurantbindingsvaerket.dk\/kontakt\/","name":"Contact | Restaurant Bindingsv\u00e6rket","isPartOf":{"@id":"https:\/\/restaurantbindingsvaerket.dk\/#website"},"primaryImageOfPage":{"@id":"https:\/\/restaurantbindingsvaerket.dk\/kontakt\/#primaryimage"},"image":{"@id":"https:\/\/restaurantbindingsvaerket.dk\/kontakt\/#primaryimage"},"thumbnailUrl":"https:\/\/restaurantbindingsvaerket.dk\/wp-content\/uploads\/2023\/11\/AIMG_7599-scaled.jpg","datePublished":"2023-11-06T16:16:00+00:00","dateModified":"2025-09-22T05:52:21+00:00","description":"Do you want to get in touch with us? Find our contact information on this page, where you can also book a table. We are looking forward to hear from you.","breadcrumb":{"@id":"https:\/\/restaurantbindingsvaerket.dk\/kontakt\/#breadcrumb"},"inLanguage":"en-GB","potentialAction":[{"@type":"ReadAction","target":["https:\/\/restaurantbindingsvaerket.dk\/kontakt\/"]}]},{"@type":"ImageObject","inLanguage":"en-GB","@id":"https:\/\/restaurantbindingsvaerket.dk\/kontakt\/#primaryimage","url":"https:\/\/restaurantbindingsvaerket.dk\/wp-content\/uploads\/2023\/11\/AIMG_7599-scaled.jpg","contentUrl":"https:\/\/restaurantbindingsvaerket.dk\/wp-content\/uploads\/2023\/11\/AIMG_7599-scaled.jpg","width":2560,"height":1920},{"@type":"BreadcrumbList","@id":"https:\/\/restaurantbindingsvaerket.dk\/kontakt\/#breadcrumb","itemListElement":[{"@type":"ListItem","position":1,"name":"Hjem","item":"https:\/\/restaurantbindingsvaerket.dk\/"},{"@type":"ListItem","position":2,"name":"Kontakt"}]},{"@type":"WebSite","@id":"https:\/\/restaurantbindingsvaerket.dk\/#website","url":"https:\/\/restaurantbindingsvaerket.dk\/","name":"Restaurant Bindingsv\u00e6rket","description":"Experience gastronomy in Drammelstrup","publisher":{"@id":"https:\/\/restaurantbindingsvaerket.dk\/#organization"},"potentialAction":[{"@type":"SearchAction","target":{"@type":"EntryPoint","urlTemplate":"https:\/\/restaurantbindingsvaerket.dk\/?s={search_term_string}"},"query-input":{"@type":"PropertyValueSpecification","valueRequired":true,"valueName":"search_term_string"}}],"inLanguage":"en-GB"},{"@type":"Organization","@id":"https:\/\/restaurantbindingsvaerket.dk\/#organization","name":"Restaurant Bindingsv\u00e6rket","alternateName":"Oplev gastronomi i Drammelstrup","url":"https:\/\/restaurantbindingsvaerket.dk\/","logo":{"@type":"ImageObject","inLanguage":"en-GB","@id":"https:\/\/restaurantbindingsvaerket.dk\/#\/schema\/logo\/image\/","url":"https:\/\/restaurantbindingsvaerket.dk\/wp-content\/uploads\/2023\/11\/fav.png","contentUrl":"https:\/\/restaurantbindingsvaerket.dk\/wp-content\/uploads\/2023\/11\/fav.png","width":214,"height":214,"caption":"Restaurant Bindingsv\u00e6rket"},"image":{"@id":"https:\/\/restaurantbindingsvaerket.dk\/#\/schema\/logo\/image\/"},"sameAs":["https:\/\/www.instagram.com\/restaurant_bindingsvaerket\/"]}]}},"_links":{"self":[{"href":"https:\/\/restaurantbindingsvaerket.dk\/en\/wp-json\/wp\/v2\/pages\/627","targetHints":{"allow":["GET"]}}],"collection":[{"href":"https:\/\/restaurantbindingsvaerket.dk\/en\/wp-json\/wp\/v2\/pages"}],"about":[{"href":"https:\/\/restaurantbindingsvaerket.dk\/en\/wp-json\/wp\/v2\/types\/page"}],"author":[{"embeddable":true,"href":"https:\/\/restaurantbindingsvaerket.dk\/en\/wp-json\/wp\/v2\/users\/1"}],"replies":[{"embeddable":true,"href":"https:\/\/restaurantbindingsvaerket.dk\/en\/wp-json\/wp\/v2\/comments?post=627"}],"version-history":[{"count":48,"href":"https:\/\/restaurantbindingsvaerket.dk\/en\/wp-json\/wp\/v2\/pages\/627\/revisions"}],"predecessor-version":[{"id":1363,"href":"https:\/\/restaurantbindingsvaerket.dk\/en\/wp-json\/wp\/v2\/pages\/627\/revisions\/1363"}],"wp:featuredmedia":[{"embeddable":true,"href":"https:\/\/restaurantbindingsvaerket.dk\/en\/wp-json\/wp\/v2\/media\/628"}],"wp:attachment":[{"href":"https:\/\/restaurantbindingsvaerket.dk\/en\/wp-json\/wp\/v2\/media?parent=627"}],"curies":[{"name":"wp","href":"https:\/\/api.w.org\/{rel}","templated":true}]}}